{"id":753,"date":"2025-07-23T18:52:47","date_gmt":"2025-07-23T19:22:47","guid":{"rendered":"https:\/\/kylat.ekarjala.fi\/valijoki\/?page_id=753"},"modified":"2025-07-23T19:12:40","modified_gmt":"2025-07-23T19:42:40","slug":"kesateatteri-2025","status":"publish","type":"page","link":"https:\/\/kylat.ekarjala.fi\/valijoki\/kesateatteri\/takavuosien-kesateatteriesitykset\/kesateatteri-2025\/","title":{"rendered":"2025"},"content":{"rendered":"\n<div class=\"wp-block-group\"><div class=\"wp-block-group__inner-container is-layout-constrained wp-block-group-is-layout-constrained\">\n<p class=\"has-text-align-center has-large-font-size\">Kes\u00e4 2025<\/p>\n\n\n\n<p><\/p>\n\n\n\n<p>Kes\u00e4n 2025 n\u00e4ytelm\u00e4 oli &#8221;Kaikki Kivest\u00e4 \u2013 ja v\u00e4h\u00e4n ylikin&#8221;. N\u00e4ytelm\u00e4n oli k\u00e4sikirjoittanut Petteri Summanen ja ohjauksesta vastasi <a href=\"https:\/\/kylat.ekarjala.fi\/valijoki\/kesateatteri\/ohjaaja-sami-sivosen-esittely\/\">Sami Sivonen<\/a>. Rooleissa n\u00e4htiin Juho Markku, Toivo Suursalmi, Jouni Kilpi, Sanni Vanamo, Arja Kivelin, Virve Houni, Sanna Suursalmi, Merike Koiv, Jarkko J\u00e4rvinen, Liisa Kilpi, Kai Gr\u00e9n ja Saila Vanamo.<\/p>\n\n\n\n<div class=\"wp-block-group is-nowrap is-layout-flex wp-container-core-group-is-layout-ad2f72ca wp-block-group-is-layout-flex\">\n<div class=\"wp-block-group is-layout-grid wp-container-core-group-is-layout-9649a0d9 wp-block-group-is-layout-grid\">\n<p><\/p>\n<\/div>\n<\/div>\n\n\n\n<p>Ensi-ilta oli 25.6.2025 ja viimeinen esitys 10.7.2025. S\u00e4\u00e4 p\u00e4\u00e4osin suosi, mutta pari esityst\u00e4 vedettiin M\u00e4nnist\u00f6n salissa, sis\u00e4tiloissa.<\/p>\n\n\n<div class=\"wp-block-image\">\n<figure class=\"aligncenter size-large is-resized\"><a href=\"https:\/\/kylat.ekarjala.fi\/valijoki\/wp-content\/uploads\/sites\/19\/2025\/05\/kaikki-kivesta-A4-posteri-scaled.png\"><img fetchpriority=\"high\" decoding=\"async\" width=\"724\" height=\"1024\" src=\"https:\/\/kylat.ekarjala.fi\/valijoki\/wp-content\/uploads\/sites\/19\/2025\/05\/kaikki-kivesta-A4-posteri-724x1024.png\" alt=\"\" class=\"wp-image-612\" style=\"width:345px;height:auto\" srcset=\"https:\/\/kylat.ekarjala.fi\/valijoki\/wp-content\/uploads\/sites\/19\/2025\/05\/kaikki-kivesta-A4-posteri-724x1024.png 724w, https:\/\/kylat.ekarjala.fi\/valijoki\/wp-content\/uploads\/sites\/19\/2025\/05\/kaikki-kivesta-A4-posteri-212x300.png 212w, https:\/\/kylat.ekarjala.fi\/valijoki\/wp-content\/uploads\/sites\/19\/2025\/05\/kaikki-kivesta-A4-posteri-768x1086.png 768w, https:\/\/kylat.ekarjala.fi\/valijoki\/wp-content\/uploads\/sites\/19\/2025\/05\/kaikki-kivesta-A4-posteri-1086x1536.png 1086w, https:\/\/kylat.ekarjala.fi\/valijoki\/wp-content\/uploads\/sites\/19\/2025\/05\/kaikki-kivesta-A4-posteri-1448x2048.png 1448w, https:\/\/kylat.ekarjala.fi\/valijoki\/wp-content\/uploads\/sites\/19\/2025\/05\/kaikki-kivesta-A4-posteri-566x800.png 566w, https:\/\/kylat.ekarjala.fi\/valijoki\/wp-content\/uploads\/sites\/19\/2025\/05\/kaikki-kivesta-A4-posteri-scaled.png 1811w\" sizes=\"(max-width: 724px) 100vw, 724px\" \/><\/a><\/figure>\n<\/div><\/div><\/div>\n\n\n\n<p><\/p>\n\n\n\n<p class=\"has-medium-font-size\" style=\"font-style:normal;font-weight:500\">V\u00e4lijoella kes\u00e4teatterissa tartuttiin Kivest\u00e4 kiinni<\/p>\n\n\n\n<p>Kymmenen vuotta sitten Kuopion kaupunginteatterissa kantaesityksens\u00e4 saanut Petteri Summasen hoho-illan n\u00e4ytelm\u00e4 \u201dKaikki Kivest\u00e4 \u2013 ja v\u00e4h\u00e4n ylikin\u201d saapui V\u00e4lijoelle. Komedia oli hatunnosto kansalliskirjailijalle, mutta hatusta my\u00f6s vedettiin moni historian tapahtuma huumorin kautta vahvasti liioitellen.<br>N\u00e4ytelm\u00e4ss\u00e4 p\u00e4\u00e4si \u00e4\u00e4neen itse Aleksis Kivi (Juho Markku), joka ruotii yleis\u00f6n kanssa el\u00e4m\u00e4ns\u00e4 vaiheita. Viisasten kive\u00e4 ei kuitenkaan l\u00f6ydetty, kun kerrontaa h\u00e4irik\u00f6iv\u00e4t muun muassa kirjastonhoitaja Algot Jokipakka (Jouni Kilpi), William Shakespeare (Arja Kivelin), Jukolan veljesten \u00e4iti (Merike Koiv), M\u00e4nnist\u00f6n Venla (Sanni Vanamo), eksynyt suunnistaja (Jarkko J\u00e4rvinen) ja moni muu. Kaikkiaan 12 n\u00e4yttelij\u00e4\u00e4 esitti noin 90 roolihahmoa, joten puvustajilla Lilja Lindill\u00e4 ja Jaana Mentulalla hommaa riitti. Katsojan ei siis kannattanut odottaa epookkista el\u00e4m\u00e4nkertaa vaan reipasta huumoria ja episodimaista tarinankuljetusta. 1800-luvulta hyp\u00e4ttiin nykyp\u00e4iv\u00e4\u00e4n ja takaisin, koettiin Aleksiksen rakkauden kuin my\u00f6s ep\u00e4toivon hetket.<br>N\u00e4ytelm\u00e4 oli ohjaaja Sami Sivosen ensimm\u00e4inen ohjausty\u00f6 M\u00e4nnist\u00f6n kes\u00e4teatteriin. Teema ei ollut t\u00e4ysin uusi Sivoselle, sill\u00e4 \u201d\u00d6baut seitsem\u00e4n veljest\u00e4\u201d -n\u00e4ytelm\u00e4 viihdytti yleis\u00f6\u00e4 Imatralla kymmenisen vuotta sitten. \u201dSain tekstin Petterilt\u00e4 reilu vuosi sitten. Tiesin, ett\u00e4 toteuttaakseni t\u00e4m\u00e4n, tarvitsisin ryhm\u00e4n, jolla olisi taitoa ja ripaus hulluuttakin tarttua n\u00e4in monitahoiseen teokseen. V\u00e4lijoella sitten t\u00e4rpp\u00e4si.\u201d, Sivonen totesi. V\u00e4lijoen Nuorisoseura Riennon v\u00e4ki tarttui innolla haasteeseen tehd\u00e4 moderni n\u00e4ytelm\u00e4 suomalaisen merkkihenkil\u00f6n el\u00e4m\u00e4st\u00e4. Mukana oli savitaipalelaisten lis\u00e4ksi my\u00f6s n\u00e4yttelij\u00f6it\u00e4 Lemilt\u00e4 ja Luum\u00e4elt\u00e4.<\/p>\n\n\n\n<p>N\u00e4yttelij\u00e4t saivat k\u00e4sikirjoittajalta vuolaat ja ylist\u00e4v\u00e4tkin kiitokset suorituksestaan!<\/p>\n\n\n\n<p><\/p>\n\n\n\n<h2 class=\"wp-block-heading\">Aiheeseen liittyvi\u00e4 juttuja ja linkkej\u00e4<\/h2>\n\n\n\n<p>Tammikuinen juttu teatteriesityksest\u00e4 L\u00e4nsi-Saimaan Sanomissa:&nbsp;<a href=\"https:\/\/www.lansisaimaa.fi\/paikalliset\/8198506\">https:\/\/www.lansisaimaa.fi\/paikalliset\/8198506<\/a><\/p>\n\n\n\n<p>Uutinen kes\u00e4teatteriesityksest\u00e4 L\u00e4nsi-Saimaan Sanomissa 13.6.2025:&nbsp;<a href=\"https:\/\/www.lansisaimaa.fi\/paikalliset\/8604114\">https:\/\/www.lansisaimaa.fi\/paikalliset\/8604114<\/a><\/p>\n\n\n\n<p>Lue facebook-sivuiltamme mm. n\u00e4yttelij\u00f6iden haastattelut sek\u00e4 katso kuvia tunnelmista harjoituksissa! Facebook-sivut:&nbsp;<a href=\"https:\/\/www.facebook.com\/ValijoenNuorisoseuraRientoRy\/?locale=fi_FI\">https:\/\/www.facebook.com\/ValijoenNuorisoseuraRientoRy\/?locale=fi_FI<\/a><\/p>\n\n\n\n<p><\/p>\n","protected":false},"excerpt":{"rendered":"<p>Kes\u00e4 2025 Kes\u00e4n 2025 n\u00e4ytelm\u00e4 oli &#8221;Kaikki Kivest\u00e4 \u2013 ja v\u00e4h\u00e4n ylikin&#8221;. N\u00e4ytelm\u00e4n oli k\u00e4sikirjoittanut Petteri Summanen ja ohjauksesta vastasi Sami Sivonen. Rooleissa n\u00e4htiin Juho Markku, Toivo Suursalmi, Jouni Kilpi, Sanni Vanamo, Arja Kivelin, Virve Houni, Sanna Suursalmi, Merike Koiv, &hellip; <a href=\"https:\/\/kylat.ekarjala.fi\/valijoki\/kesateatteri\/takavuosien-kesateatteriesitykset\/kesateatteri-2025\/\">Continue reading <span class=\"meta-nav\">&rarr;<\/span><\/a><\/p>\n","protected":false},"author":31,"featured_media":0,"parent":679,"menu_order":0,"comment_status":"closed","ping_status":"closed","template":"","meta":{"footnotes":""},"class_list":["post-753","page","type-page","status-publish","hentry"],"yoast_head":"<!-- This site is optimized with the Yoast SEO plugin v27.3 - https:\/\/yoast.com\/product\/yoast-seo-wordpress\/ -->\n<title>2025 - V\u00e4lijoki<\/title>\n<meta name=\"robots\" content=\"index, follow, max-snippet:-1, max-image-preview:large, max-video-preview:-1\" \/>\n<link rel=\"canonical\" href=\"https:\/\/kylat.ekarjala.fi\/valijoki\/kesateatteri\/takavuosien-kesateatteriesitykset\/kesateatteri-2025\/\" \/>\n<meta property=\"og:locale\" content=\"fi_FI\" \/>\n<meta property=\"og:type\" content=\"article\" \/>\n<meta property=\"og:title\" content=\"2025 - V\u00e4lijoki\" \/>\n<meta property=\"og:description\" content=\"Kes\u00e4 2025 Kes\u00e4n 2025 n\u00e4ytelm\u00e4 oli &#8221;Kaikki Kivest\u00e4 \u2013 ja v\u00e4h\u00e4n ylikin&#8221;. N\u00e4ytelm\u00e4n oli k\u00e4sikirjoittanut Petteri Summanen ja ohjauksesta vastasi Sami Sivonen. Rooleissa n\u00e4htiin Juho Markku, Toivo Suursalmi, Jouni Kilpi, Sanni Vanamo, Arja Kivelin, Virve Houni, Sanna Suursalmi, Merike Koiv, &hellip; Continue reading &rarr;\" \/>\n<meta property=\"og:url\" content=\"https:\/\/kylat.ekarjala.fi\/valijoki\/kesateatteri\/takavuosien-kesateatteriesitykset\/kesateatteri-2025\/\" \/>\n<meta property=\"og:site_name\" content=\"V\u00e4lijoki\" \/>\n<meta property=\"article:publisher\" content=\"https:\/\/www.facebook.com\/ValijoenNuorisoseuraRientoRy\/?locale=fi_FI\" \/>\n<meta property=\"article:modified_time\" content=\"2025-07-23T19:42:40+00:00\" \/>\n<meta property=\"og:image\" content=\"https:\/\/kylat.ekarjala.fi\/valijoki\/wp-content\/uploads\/sites\/19\/2025\/05\/kaikki-kivesta-A4-posteri-scaled.png\" \/>\n\t<meta property=\"og:image:width\" content=\"1811\" \/>\n\t<meta property=\"og:image:height\" content=\"2560\" \/>\n\t<meta property=\"og:image:type\" content=\"image\/png\" \/>\n<meta name=\"twitter:card\" content=\"summary_large_image\" \/>\n<meta name=\"twitter:label1\" content=\"Arvioitu lukuaika\" \/>\n\t<meta name=\"twitter:data1\" content=\"2 minuuttia\" \/>\n<script type=\"application\/ld+json\" class=\"yoast-schema-graph\">{\"@context\":\"https:\\\/\\\/schema.org\",\"@graph\":[{\"@type\":\"WebPage\",\"@id\":\"https:\\\/\\\/kylat.ekarjala.fi\\\/valijoki\\\/kesateatteri\\\/takavuosien-kesateatteriesitykset\\\/kesateatteri-2025\\\/\",\"url\":\"https:\\\/\\\/kylat.ekarjala.fi\\\/valijoki\\\/kesateatteri\\\/takavuosien-kesateatteriesitykset\\\/kesateatteri-2025\\\/\",\"name\":\"2025 - V\u00e4lijoki\",\"isPartOf\":{\"@id\":\"https:\\\/\\\/kylat.ekarjala.fi\\\/valijoki\\\/#website\"},\"primaryImageOfPage\":{\"@id\":\"https:\\\/\\\/kylat.ekarjala.fi\\\/valijoki\\\/kesateatteri\\\/takavuosien-kesateatteriesitykset\\\/kesateatteri-2025\\\/#primaryimage\"},\"image\":{\"@id\":\"https:\\\/\\\/kylat.ekarjala.fi\\\/valijoki\\\/kesateatteri\\\/takavuosien-kesateatteriesitykset\\\/kesateatteri-2025\\\/#primaryimage\"},\"thumbnailUrl\":\"https:\\\/\\\/kylat.ekarjala.fi\\\/valijoki\\\/wp-content\\\/uploads\\\/sites\\\/19\\\/2025\\\/05\\\/kaikki-kivesta-A4-posteri-724x1024.png\",\"datePublished\":\"2025-07-23T19:22:47+00:00\",\"dateModified\":\"2025-07-23T19:42:40+00:00\",\"breadcrumb\":{\"@id\":\"https:\\\/\\\/kylat.ekarjala.fi\\\/valijoki\\\/kesateatteri\\\/takavuosien-kesateatteriesitykset\\\/kesateatteri-2025\\\/#breadcrumb\"},\"inLanguage\":\"fi\",\"potentialAction\":[{\"@type\":\"ReadAction\",\"target\":[\"https:\\\/\\\/kylat.ekarjala.fi\\\/valijoki\\\/kesateatteri\\\/takavuosien-kesateatteriesitykset\\\/kesateatteri-2025\\\/\"]}]},{\"@type\":\"ImageObject\",\"inLanguage\":\"fi\",\"@id\":\"https:\\\/\\\/kylat.ekarjala.fi\\\/valijoki\\\/kesateatteri\\\/takavuosien-kesateatteriesitykset\\\/kesateatteri-2025\\\/#primaryimage\",\"url\":\"https:\\\/\\\/kylat.ekarjala.fi\\\/valijoki\\\/wp-content\\\/uploads\\\/sites\\\/19\\\/2025\\\/05\\\/kaikki-kivesta-A4-posteri-scaled.png\",\"contentUrl\":\"https:\\\/\\\/kylat.ekarjala.fi\\\/valijoki\\\/wp-content\\\/uploads\\\/sites\\\/19\\\/2025\\\/05\\\/kaikki-kivesta-A4-posteri-scaled.png\",\"width\":1811,\"height\":2560},{\"@type\":\"BreadcrumbList\",\"@id\":\"https:\\\/\\\/kylat.ekarjala.fi\\\/valijoki\\\/kesateatteri\\\/takavuosien-kesateatteriesitykset\\\/kesateatteri-2025\\\/#breadcrumb\",\"itemListElement\":[{\"@type\":\"ListItem\",\"position\":1,\"name\":\"Etusivu\",\"item\":\"https:\\\/\\\/kylat.ekarjala.fi\\\/valijoki\\\/\"},{\"@type\":\"ListItem\",\"position\":2,\"name\":\"Kes\u00e4teatteri\",\"item\":\"https:\\\/\\\/kylat.ekarjala.fi\\\/valijoki\\\/kesateatteri\\\/\"},{\"@type\":\"ListItem\",\"position\":3,\"name\":\"Takavuosien kes\u00e4teatteriesitykset\",\"item\":\"https:\\\/\\\/kylat.ekarjala.fi\\\/valijoki\\\/kesateatteri\\\/takavuosien-kesateatteriesitykset\\\/\"},{\"@type\":\"ListItem\",\"position\":4,\"name\":\"2025\"}]},{\"@type\":\"WebSite\",\"@id\":\"https:\\\/\\\/kylat.ekarjala.fi\\\/valijoki\\\/#website\",\"url\":\"https:\\\/\\\/kylat.ekarjala.fi\\\/valijoki\\\/\",\"name\":\"V\u00e4lijoki\",\"description\":\"Uusi Etel\u00e4-Karjalan kyl\u00e4sivustot -sivusto\",\"publisher\":{\"@id\":\"https:\\\/\\\/kylat.ekarjala.fi\\\/valijoki\\\/#organization\"},\"potentialAction\":[{\"@type\":\"SearchAction\",\"target\":{\"@type\":\"EntryPoint\",\"urlTemplate\":\"https:\\\/\\\/kylat.ekarjala.fi\\\/valijoki\\\/?s={search_term_string}\"},\"query-input\":{\"@type\":\"PropertyValueSpecification\",\"valueRequired\":true,\"valueName\":\"search_term_string\"}}],\"inLanguage\":\"fi\"},{\"@type\":\"Organization\",\"@id\":\"https:\\\/\\\/kylat.ekarjala.fi\\\/valijoki\\\/#organization\",\"name\":\"V\u00e4lijoki\",\"url\":\"https:\\\/\\\/kylat.ekarjala.fi\\\/valijoki\\\/\",\"logo\":{\"@type\":\"ImageObject\",\"inLanguage\":\"fi\",\"@id\":\"https:\\\/\\\/kylat.ekarjala.fi\\\/valijoki\\\/#\\\/schema\\\/logo\\\/image\\\/\",\"url\":\"https:\\\/\\\/kylat.ekarjala.fi\\\/valijoki\\\/wp-content\\\/uploads\\\/sites\\\/19\\\/2018\\\/01\\\/RIENTO_keltaisella_RGB.jpg\",\"contentUrl\":\"https:\\\/\\\/kylat.ekarjala.fi\\\/valijoki\\\/wp-content\\\/uploads\\\/sites\\\/19\\\/2018\\\/01\\\/RIENTO_keltaisella_RGB.jpg\",\"width\":1178,\"height\":758,\"caption\":\"V\u00e4lijoki\"},\"image\":{\"@id\":\"https:\\\/\\\/kylat.ekarjala.fi\\\/valijoki\\\/#\\\/schema\\\/logo\\\/image\\\/\"},\"sameAs\":[\"https:\\\/\\\/www.facebook.com\\\/ValijoenNuorisoseuraRientoRy\\\/?locale=fi_FI\",\"https:\\\/\\\/www.instagram.com\\\/valijoenriento\\\/\"]}]}<\/script>\n<!-- \/ Yoast SEO plugin. -->","yoast_head_json":{"title":"2025 - V\u00e4lijoki","robots":{"index":"index","follow":"follow","max-snippet":"max-snippet:-1","max-image-preview":"max-image-preview:large","max-video-preview":"max-video-preview:-1"},"canonical":"https:\/\/kylat.ekarjala.fi\/valijoki\/kesateatteri\/takavuosien-kesateatteriesitykset\/kesateatteri-2025\/","og_locale":"fi_FI","og_type":"article","og_title":"2025 - V\u00e4lijoki","og_description":"Kes\u00e4 2025 Kes\u00e4n 2025 n\u00e4ytelm\u00e4 oli &#8221;Kaikki Kivest\u00e4 \u2013 ja v\u00e4h\u00e4n ylikin&#8221;. N\u00e4ytelm\u00e4n oli k\u00e4sikirjoittanut Petteri Summanen ja ohjauksesta vastasi Sami Sivonen. Rooleissa n\u00e4htiin Juho Markku, Toivo Suursalmi, Jouni Kilpi, Sanni Vanamo, Arja Kivelin, Virve Houni, Sanna Suursalmi, Merike Koiv, &hellip; Continue reading &rarr;","og_url":"https:\/\/kylat.ekarjala.fi\/valijoki\/kesateatteri\/takavuosien-kesateatteriesitykset\/kesateatteri-2025\/","og_site_name":"V\u00e4lijoki","article_publisher":"https:\/\/www.facebook.com\/ValijoenNuorisoseuraRientoRy\/?locale=fi_FI","article_modified_time":"2025-07-23T19:42:40+00:00","og_image":[{"width":1811,"height":2560,"url":"https:\/\/kylat.ekarjala.fi\/valijoki\/wp-content\/uploads\/sites\/19\/2025\/05\/kaikki-kivesta-A4-posteri-scaled.png","type":"image\/png"}],"twitter_card":"summary_large_image","twitter_misc":{"Arvioitu lukuaika":"2 minuuttia"},"schema":{"@context":"https:\/\/schema.org","@graph":[{"@type":"WebPage","@id":"https:\/\/kylat.ekarjala.fi\/valijoki\/kesateatteri\/takavuosien-kesateatteriesitykset\/kesateatteri-2025\/","url":"https:\/\/kylat.ekarjala.fi\/valijoki\/kesateatteri\/takavuosien-kesateatteriesitykset\/kesateatteri-2025\/","name":"2025 - V\u00e4lijoki","isPartOf":{"@id":"https:\/\/kylat.ekarjala.fi\/valijoki\/#website"},"primaryImageOfPage":{"@id":"https:\/\/kylat.ekarjala.fi\/valijoki\/kesateatteri\/takavuosien-kesateatteriesitykset\/kesateatteri-2025\/#primaryimage"},"image":{"@id":"https:\/\/kylat.ekarjala.fi\/valijoki\/kesateatteri\/takavuosien-kesateatteriesitykset\/kesateatteri-2025\/#primaryimage"},"thumbnailUrl":"https:\/\/kylat.ekarjala.fi\/valijoki\/wp-content\/uploads\/sites\/19\/2025\/05\/kaikki-kivesta-A4-posteri-724x1024.png","datePublished":"2025-07-23T19:22:47+00:00","dateModified":"2025-07-23T19:42:40+00:00","breadcrumb":{"@id":"https:\/\/kylat.ekarjala.fi\/valijoki\/kesateatteri\/takavuosien-kesateatteriesitykset\/kesateatteri-2025\/#breadcrumb"},"inLanguage":"fi","potentialAction":[{"@type":"ReadAction","target":["https:\/\/kylat.ekarjala.fi\/valijoki\/kesateatteri\/takavuosien-kesateatteriesitykset\/kesateatteri-2025\/"]}]},{"@type":"ImageObject","inLanguage":"fi","@id":"https:\/\/kylat.ekarjala.fi\/valijoki\/kesateatteri\/takavuosien-kesateatteriesitykset\/kesateatteri-2025\/#primaryimage","url":"https:\/\/kylat.ekarjala.fi\/valijoki\/wp-content\/uploads\/sites\/19\/2025\/05\/kaikki-kivesta-A4-posteri-scaled.png","contentUrl":"https:\/\/kylat.ekarjala.fi\/valijoki\/wp-content\/uploads\/sites\/19\/2025\/05\/kaikki-kivesta-A4-posteri-scaled.png","width":1811,"height":2560},{"@type":"BreadcrumbList","@id":"https:\/\/kylat.ekarjala.fi\/valijoki\/kesateatteri\/takavuosien-kesateatteriesitykset\/kesateatteri-2025\/#breadcrumb","itemListElement":[{"@type":"ListItem","position":1,"name":"Etusivu","item":"https:\/\/kylat.ekarjala.fi\/valijoki\/"},{"@type":"ListItem","position":2,"name":"Kes\u00e4teatteri","item":"https:\/\/kylat.ekarjala.fi\/valijoki\/kesateatteri\/"},{"@type":"ListItem","position":3,"name":"Takavuosien kes\u00e4teatteriesitykset","item":"https:\/\/kylat.ekarjala.fi\/valijoki\/kesateatteri\/takavuosien-kesateatteriesitykset\/"},{"@type":"ListItem","position":4,"name":"2025"}]},{"@type":"WebSite","@id":"https:\/\/kylat.ekarjala.fi\/valijoki\/#website","url":"https:\/\/kylat.ekarjala.fi\/valijoki\/","name":"V\u00e4lijoki","description":"Uusi Etel\u00e4-Karjalan kyl\u00e4sivustot -sivusto","publisher":{"@id":"https:\/\/kylat.ekarjala.fi\/valijoki\/#organization"},"potentialAction":[{"@type":"SearchAction","target":{"@type":"EntryPoint","urlTemplate":"https:\/\/kylat.ekarjala.fi\/valijoki\/?s={search_term_string}"},"query-input":{"@type":"PropertyValueSpecification","valueRequired":true,"valueName":"search_term_string"}}],"inLanguage":"fi"},{"@type":"Organization","@id":"https:\/\/kylat.ekarjala.fi\/valijoki\/#organization","name":"V\u00e4lijoki","url":"https:\/\/kylat.ekarjala.fi\/valijoki\/","logo":{"@type":"ImageObject","inLanguage":"fi","@id":"https:\/\/kylat.ekarjala.fi\/valijoki\/#\/schema\/logo\/image\/","url":"https:\/\/kylat.ekarjala.fi\/valijoki\/wp-content\/uploads\/sites\/19\/2018\/01\/RIENTO_keltaisella_RGB.jpg","contentUrl":"https:\/\/kylat.ekarjala.fi\/valijoki\/wp-content\/uploads\/sites\/19\/2018\/01\/RIENTO_keltaisella_RGB.jpg","width":1178,"height":758,"caption":"V\u00e4lijoki"},"image":{"@id":"https:\/\/kylat.ekarjala.fi\/valijoki\/#\/schema\/logo\/image\/"},"sameAs":["https:\/\/www.facebook.com\/ValijoenNuorisoseuraRientoRy\/?locale=fi_FI","https:\/\/www.instagram.com\/valijoenriento\/"]}]}},"_links":{"self":[{"href":"https:\/\/kylat.ekarjala.fi\/valijoki\/wp-json\/wp\/v2\/pages\/753","targetHints":{"allow":["GET"]}}],"collection":[{"href":"https:\/\/kylat.ekarjala.fi\/valijoki\/wp-json\/wp\/v2\/pages"}],"about":[{"href":"https:\/\/kylat.ekarjala.fi\/valijoki\/wp-json\/wp\/v2\/types\/page"}],"author":[{"embeddable":true,"href":"https:\/\/kylat.ekarjala.fi\/valijoki\/wp-json\/wp\/v2\/users\/31"}],"replies":[{"embeddable":true,"href":"https:\/\/kylat.ekarjala.fi\/valijoki\/wp-json\/wp\/v2\/comments?post=753"}],"version-history":[{"count":7,"href":"https:\/\/kylat.ekarjala.fi\/valijoki\/wp-json\/wp\/v2\/pages\/753\/revisions"}],"predecessor-version":[{"id":764,"href":"https:\/\/kylat.ekarjala.fi\/valijoki\/wp-json\/wp\/v2\/pages\/753\/revisions\/764"}],"up":[{"embeddable":true,"href":"https:\/\/kylat.ekarjala.fi\/valijoki\/wp-json\/wp\/v2\/pages\/679"}],"wp:attachment":[{"href":"https:\/\/kylat.ekarjala.fi\/valijoki\/wp-json\/wp\/v2\/media?parent=753"}],"curies":[{"name":"wp","href":"https:\/\/api.w.org\/{rel}","templated":true}]}}