{"id":876,"date":"2026-01-07T11:48:59","date_gmt":"2026-01-07T12:18:59","guid":{"rendered":"https:\/\/kylat.ekarjala.fi\/valijoki\/?page_id=876"},"modified":"2026-04-11T16:03:00","modified_gmt":"2026-04-11T16:33:00","slug":"yhdistyksen-toimintaa-2026","status":"publish","type":"page","link":"https:\/\/kylat.ekarjala.fi\/valijoki\/yhdistyksen-toimintaa-2026\/","title":{"rendered":"Ajankohtaista 2026"},"content":{"rendered":"\n<p class=\"has-luminous-vivid-orange-color has-text-color has-link-color has-large-font-size wp-elements-1df61696f101d0cd3bfac1988e05e7a1\">Kes\u00e4teatteri<\/p>\n\n\n\n<p class=\"has-luminous-vivid-orange-color has-text-color has-link-color wp-elements-18dfd65dbc98ba43aa2000252aa8b053\">T\u00e4n\u00e4kin kes\u00e4n\u00e4 V\u00e4lijoell\u00e4 p\u00e4\u00e4st\u00e4\u00e4n nauttimaan kes\u00e4teatterista. Harjoitukset ovat jo hyv\u00e4ss\u00e4 vaiheessa ja esityspaikkana on edellisvuosista poiketen V\u00e4lijoen tanssilava! N\u00e4ytelm\u00e4n\u00e4 on &#8221;Haluatko m\u00f6kkil\u00e4iseksi&#8221;-komedia. Lis\u00e4\u00e4 <a href=\"https:\/\/kylat.ekarjala.fi\/valijoki\/kesateatteri\/\">kes\u00e4teatteri-sivulla<\/a>.<\/p>\n\n\n\n<figure class=\"wp-block-image size-large\"><a href=\"https:\/\/kylat.ekarjala.fi\/valijoki\/wp-content\/uploads\/sites\/19\/2026\/04\/facebook_1775924513833_7448767292067919217.jpg\"><img fetchpriority=\"high\" decoding=\"async\" width=\"768\" height=\"1024\" src=\"https:\/\/kylat.ekarjala.fi\/valijoki\/wp-content\/uploads\/sites\/19\/2026\/04\/facebook_1775924513833_7448767292067919217-768x1024.jpg\" alt=\"\" class=\"wp-image-925\" srcset=\"https:\/\/kylat.ekarjala.fi\/valijoki\/wp-content\/uploads\/sites\/19\/2026\/04\/facebook_1775924513833_7448767292067919217-768x1024.jpg 768w, https:\/\/kylat.ekarjala.fi\/valijoki\/wp-content\/uploads\/sites\/19\/2026\/04\/facebook_1775924513833_7448767292067919217-225x300.jpg 225w, https:\/\/kylat.ekarjala.fi\/valijoki\/wp-content\/uploads\/sites\/19\/2026\/04\/facebook_1775924513833_7448767292067919217-1152x1536.jpg 1152w, https:\/\/kylat.ekarjala.fi\/valijoki\/wp-content\/uploads\/sites\/19\/2026\/04\/facebook_1775924513833_7448767292067919217-600x800.jpg 600w, https:\/\/kylat.ekarjala.fi\/valijoki\/wp-content\/uploads\/sites\/19\/2026\/04\/facebook_1775924513833_7448767292067919217.jpg 1200w\" sizes=\"(max-width: 768px) 100vw, 768px\" \/><\/a><\/figure>\n\n\n\n<p>* * * * * * *<\/p>\n\n\n\n<p class=\"has-vivid-cyan-blue-color has-text-color has-link-color has-large-font-size wp-elements-36fa39cdc53f251d3a95f1a0575011bc\">Remonttia<\/p>\n\n\n\n<p class=\"has-vivid-cyan-blue-color has-text-color has-link-color wp-elements-0b7f8154f38f4a4cdf5604f252e2178b\">V\u00e4lijoen lavan huussit tulevat kokemaan muodonmuutoksen parempaan suuntaan. Aivan aprillipilan laajuista wc-maailmaa emme kuitenkaan toteuta.<\/p>\n\n\n\n<figure class=\"wp-block-image size-full\"><a href=\"https:\/\/kylat.ekarjala.fi\/valijoki\/wp-content\/uploads\/sites\/19\/2026\/04\/659619780_1384852217003898_6353707615530733675_n.jpg\"><img decoding=\"async\" width=\"502\" height=\"640\" src=\"https:\/\/kylat.ekarjala.fi\/valijoki\/wp-content\/uploads\/sites\/19\/2026\/04\/659619780_1384852217003898_6353707615530733675_n.jpg\" alt=\"\" class=\"wp-image-924\" srcset=\"https:\/\/kylat.ekarjala.fi\/valijoki\/wp-content\/uploads\/sites\/19\/2026\/04\/659619780_1384852217003898_6353707615530733675_n.jpg 502w, https:\/\/kylat.ekarjala.fi\/valijoki\/wp-content\/uploads\/sites\/19\/2026\/04\/659619780_1384852217003898_6353707615530733675_n-235x300.jpg 235w\" sizes=\"(max-width: 502px) 100vw, 502px\" \/><\/a><\/figure>\n\n\n\n<p class=\"has-vivid-red-color has-text-color has-link-color wp-elements-bc53afe02c507708805b96496ba70dbd\">* * * * * * *<\/p>\n\n\n\n<p class=\"has-vivid-red-color has-text-color has-link-color wp-elements-8d526b6db9b1405c839536740ed0aedc\">Kes\u00e4teatteritoimintamme jatkuu t\u00e4n\u00e4kin vuonna. Aloittelemme produktion tammikuun lopussa. Tervetuloa mukaan toimintaan!<\/p>\n\n\n\n<figure class=\"wp-block-image size-large\"><a href=\"https:\/\/kylat.ekarjala.fi\/valijoki\/wp-content\/uploads\/sites\/19\/2026\/01\/Kesateatteri-2026-aloitus.png\"><img decoding=\"async\" width=\"1024\" height=\"611\" src=\"https:\/\/kylat.ekarjala.fi\/valijoki\/wp-content\/uploads\/sites\/19\/2026\/01\/Kesateatteri-2026-aloitus-1024x611.png\" alt=\"\" class=\"wp-image-893\" srcset=\"https:\/\/kylat.ekarjala.fi\/valijoki\/wp-content\/uploads\/sites\/19\/2026\/01\/Kesateatteri-2026-aloitus-1024x611.png 1024w, https:\/\/kylat.ekarjala.fi\/valijoki\/wp-content\/uploads\/sites\/19\/2026\/01\/Kesateatteri-2026-aloitus-300x179.png 300w, https:\/\/kylat.ekarjala.fi\/valijoki\/wp-content\/uploads\/sites\/19\/2026\/01\/Kesateatteri-2026-aloitus-768x458.png 768w, https:\/\/kylat.ekarjala.fi\/valijoki\/wp-content\/uploads\/sites\/19\/2026\/01\/Kesateatteri-2026-aloitus-800x478.png 800w, https:\/\/kylat.ekarjala.fi\/valijoki\/wp-content\/uploads\/sites\/19\/2026\/01\/Kesateatteri-2026-aloitus.png 1352w\" sizes=\"(max-width: 1024px) 100vw, 1024px\" \/><\/a><\/figure>\n\n\n\n<p class=\"has-vivid-red-color has-text-color has-link-color wp-elements-53a324dfc8760920b016f000334ad447\">Siell\u00e4 sitten kuulet lis\u00e4\u00e4 suunnitellusta n\u00e4ytelm\u00e4st\u00e4, mietit\u00e4\u00e4n rooleja ja j\u00e4rjestell\u00e4\u00e4n tulevaa.<\/p>\n\n\n\n<p class=\"has-vivid-cyan-blue-color has-text-color has-link-color has-medium-font-size wp-elements-4de24ec26367b172ce64904f702fca07\">* * * * * * *<\/p>\n\n\n\n<p class=\"has-vivid-cyan-blue-color has-text-color has-link-color has-medium-font-size wp-elements-42659573a859fccb7bc0c2be5e0923d5\">Tammikuun lopussa p\u00e4\u00e4semme tanssahtelemaan kansantansseja!<\/p>\n\n\n\n<figure class=\"wp-block-image size-large\"><a href=\"https:\/\/kylat.ekarjala.fi\/valijoki\/wp-content\/uploads\/sites\/19\/2026\/01\/Kansantanssilauantait_2026.jpg\"><img loading=\"lazy\" decoding=\"async\" width=\"720\" height=\"1024\" src=\"https:\/\/kylat.ekarjala.fi\/valijoki\/wp-content\/uploads\/sites\/19\/2026\/01\/Kansantanssilauantait_2026-720x1024.jpg\" alt=\"\" class=\"wp-image-885\" srcset=\"https:\/\/kylat.ekarjala.fi\/valijoki\/wp-content\/uploads\/sites\/19\/2026\/01\/Kansantanssilauantait_2026-720x1024.jpg 720w, https:\/\/kylat.ekarjala.fi\/valijoki\/wp-content\/uploads\/sites\/19\/2026\/01\/Kansantanssilauantait_2026-211x300.jpg 211w, https:\/\/kylat.ekarjala.fi\/valijoki\/wp-content\/uploads\/sites\/19\/2026\/01\/Kansantanssilauantait_2026-768x1092.jpg 768w, https:\/\/kylat.ekarjala.fi\/valijoki\/wp-content\/uploads\/sites\/19\/2026\/01\/Kansantanssilauantait_2026-1080x1536.jpg 1080w, https:\/\/kylat.ekarjala.fi\/valijoki\/wp-content\/uploads\/sites\/19\/2026\/01\/Kansantanssilauantait_2026-1440x2048.jpg 1440w, https:\/\/kylat.ekarjala.fi\/valijoki\/wp-content\/uploads\/sites\/19\/2026\/01\/Kansantanssilauantait_2026-563x800.jpg 563w, https:\/\/kylat.ekarjala.fi\/valijoki\/wp-content\/uploads\/sites\/19\/2026\/01\/Kansantanssilauantait_2026.jpg 1690w\" sizes=\"(max-width: 720px) 100vw, 720px\" \/><\/a><\/figure>\n\n\n\n<p class=\"has-vivid-cyan-blue-color has-text-color has-link-color wp-elements-d11e6c2057de8686f61cc383713accf8\">Ilmottaudu s\u00e4hk\u00f6postitse: valijoki@gmail.com<\/p>\n\n\n\n<p><\/p>\n","protected":false},"excerpt":{"rendered":"<p>Kes\u00e4teatteri T\u00e4n\u00e4kin kes\u00e4n\u00e4 V\u00e4lijoell\u00e4 p\u00e4\u00e4st\u00e4\u00e4n nauttimaan kes\u00e4teatterista. Harjoitukset ovat jo hyv\u00e4ss\u00e4 vaiheessa ja esityspaikkana on edellisvuosista poiketen V\u00e4lijoen tanssilava! N\u00e4ytelm\u00e4n\u00e4 on &#8221;Haluatko m\u00f6kkil\u00e4iseksi&#8221;-komedia. Lis\u00e4\u00e4 kes\u00e4teatteri-sivulla. * * * * * * * Remonttia V\u00e4lijoen lavan huussit tulevat kokemaan muodonmuutoksen parempaan &hellip; <a href=\"https:\/\/kylat.ekarjala.fi\/valijoki\/yhdistyksen-toimintaa-2026\/\">Continue reading <span class=\"meta-nav\">&rarr;<\/span><\/a><\/p>\n","protected":false},"author":31,"featured_media":0,"parent":0,"menu_order":0,"comment_status":"closed","ping_status":"closed","template":"","meta":{"footnotes":""},"class_list":["post-876","page","type-page","status-publish","hentry"],"yoast_head":"<!-- This site is optimized with the Yoast SEO plugin v27.3 - https:\/\/yoast.com\/product\/yoast-seo-wordpress\/ -->\n<title>Ajankohtaista 2026 - V\u00e4lijoki<\/title>\n<meta name=\"robots\" content=\"index, follow, max-snippet:-1, max-image-preview:large, max-video-preview:-1\" \/>\n<link rel=\"canonical\" href=\"https:\/\/kylat.ekarjala.fi\/valijoki\/yhdistyksen-toimintaa-2026\/\" \/>\n<meta property=\"og:locale\" content=\"fi_FI\" \/>\n<meta property=\"og:type\" content=\"article\" \/>\n<meta property=\"og:title\" content=\"Ajankohtaista 2026 - V\u00e4lijoki\" \/>\n<meta property=\"og:description\" content=\"Kes\u00e4teatteri T\u00e4n\u00e4kin kes\u00e4n\u00e4 V\u00e4lijoell\u00e4 p\u00e4\u00e4st\u00e4\u00e4n nauttimaan kes\u00e4teatterista. Harjoitukset ovat jo hyv\u00e4ss\u00e4 vaiheessa ja esityspaikkana on edellisvuosista poiketen V\u00e4lijoen tanssilava! N\u00e4ytelm\u00e4n\u00e4 on &#8221;Haluatko m\u00f6kkil\u00e4iseksi&#8221;-komedia. Lis\u00e4\u00e4 kes\u00e4teatteri-sivulla. * * * * * * * Remonttia V\u00e4lijoen lavan huussit tulevat kokemaan muodonmuutoksen parempaan &hellip; Continue reading &rarr;\" \/>\n<meta property=\"og:url\" content=\"https:\/\/kylat.ekarjala.fi\/valijoki\/yhdistyksen-toimintaa-2026\/\" \/>\n<meta property=\"og:site_name\" content=\"V\u00e4lijoki\" \/>\n<meta property=\"article:publisher\" content=\"https:\/\/www.facebook.com\/ValijoenNuorisoseuraRientoRy\/?locale=fi_FI\" \/>\n<meta property=\"article:modified_time\" content=\"2026-04-11T16:33:00+00:00\" \/>\n<meta property=\"og:image\" content=\"https:\/\/kylat.ekarjala.fi\/valijoki\/wp-content\/uploads\/sites\/19\/2026\/04\/facebook_1775924513833_7448767292067919217.jpg\" \/>\n\t<meta property=\"og:image:width\" content=\"1200\" \/>\n\t<meta property=\"og:image:height\" content=\"1600\" \/>\n\t<meta property=\"og:image:type\" content=\"image\/jpeg\" \/>\n<meta name=\"twitter:card\" content=\"summary_large_image\" \/>\n<meta name=\"twitter:label1\" content=\"Arvioitu lukuaika\" \/>\n\t<meta name=\"twitter:data1\" content=\"2 minuuttia\" \/>\n<script type=\"application\/ld+json\" class=\"yoast-schema-graph\">{\"@context\":\"https:\\\/\\\/schema.org\",\"@graph\":[{\"@type\":\"WebPage\",\"@id\":\"https:\\\/\\\/kylat.ekarjala.fi\\\/valijoki\\\/yhdistyksen-toimintaa-2026\\\/\",\"url\":\"https:\\\/\\\/kylat.ekarjala.fi\\\/valijoki\\\/yhdistyksen-toimintaa-2026\\\/\",\"name\":\"Ajankohtaista 2026 - V\u00e4lijoki\",\"isPartOf\":{\"@id\":\"https:\\\/\\\/kylat.ekarjala.fi\\\/valijoki\\\/#website\"},\"primaryImageOfPage\":{\"@id\":\"https:\\\/\\\/kylat.ekarjala.fi\\\/valijoki\\\/yhdistyksen-toimintaa-2026\\\/#primaryimage\"},\"image\":{\"@id\":\"https:\\\/\\\/kylat.ekarjala.fi\\\/valijoki\\\/yhdistyksen-toimintaa-2026\\\/#primaryimage\"},\"thumbnailUrl\":\"https:\\\/\\\/kylat.ekarjala.fi\\\/valijoki\\\/wp-content\\\/uploads\\\/sites\\\/19\\\/2026\\\/04\\\/facebook_1775924513833_7448767292067919217-768x1024.jpg\",\"datePublished\":\"2026-01-07T12:18:59+00:00\",\"dateModified\":\"2026-04-11T16:33:00+00:00\",\"breadcrumb\":{\"@id\":\"https:\\\/\\\/kylat.ekarjala.fi\\\/valijoki\\\/yhdistyksen-toimintaa-2026\\\/#breadcrumb\"},\"inLanguage\":\"fi\",\"potentialAction\":[{\"@type\":\"ReadAction\",\"target\":[\"https:\\\/\\\/kylat.ekarjala.fi\\\/valijoki\\\/yhdistyksen-toimintaa-2026\\\/\"]}]},{\"@type\":\"ImageObject\",\"inLanguage\":\"fi\",\"@id\":\"https:\\\/\\\/kylat.ekarjala.fi\\\/valijoki\\\/yhdistyksen-toimintaa-2026\\\/#primaryimage\",\"url\":\"https:\\\/\\\/kylat.ekarjala.fi\\\/valijoki\\\/wp-content\\\/uploads\\\/sites\\\/19\\\/2026\\\/04\\\/facebook_1775924513833_7448767292067919217.jpg\",\"contentUrl\":\"https:\\\/\\\/kylat.ekarjala.fi\\\/valijoki\\\/wp-content\\\/uploads\\\/sites\\\/19\\\/2026\\\/04\\\/facebook_1775924513833_7448767292067919217.jpg\",\"width\":1200,\"height\":1600},{\"@type\":\"BreadcrumbList\",\"@id\":\"https:\\\/\\\/kylat.ekarjala.fi\\\/valijoki\\\/yhdistyksen-toimintaa-2026\\\/#breadcrumb\",\"itemListElement\":[{\"@type\":\"ListItem\",\"position\":1,\"name\":\"Etusivu\",\"item\":\"https:\\\/\\\/kylat.ekarjala.fi\\\/valijoki\\\/\"},{\"@type\":\"ListItem\",\"position\":2,\"name\":\"Ajankohtaista 2026\"}]},{\"@type\":\"WebSite\",\"@id\":\"https:\\\/\\\/kylat.ekarjala.fi\\\/valijoki\\\/#website\",\"url\":\"https:\\\/\\\/kylat.ekarjala.fi\\\/valijoki\\\/\",\"name\":\"V\u00e4lijoki\",\"description\":\"Uusi Etel\u00e4-Karjalan kyl\u00e4sivustot -sivusto\",\"publisher\":{\"@id\":\"https:\\\/\\\/kylat.ekarjala.fi\\\/valijoki\\\/#organization\"},\"potentialAction\":[{\"@type\":\"SearchAction\",\"target\":{\"@type\":\"EntryPoint\",\"urlTemplate\":\"https:\\\/\\\/kylat.ekarjala.fi\\\/valijoki\\\/?s={search_term_string}\"},\"query-input\":{\"@type\":\"PropertyValueSpecification\",\"valueRequired\":true,\"valueName\":\"search_term_string\"}}],\"inLanguage\":\"fi\"},{\"@type\":\"Organization\",\"@id\":\"https:\\\/\\\/kylat.ekarjala.fi\\\/valijoki\\\/#organization\",\"name\":\"V\u00e4lijoki\",\"url\":\"https:\\\/\\\/kylat.ekarjala.fi\\\/valijoki\\\/\",\"logo\":{\"@type\":\"ImageObject\",\"inLanguage\":\"fi\",\"@id\":\"https:\\\/\\\/kylat.ekarjala.fi\\\/valijoki\\\/#\\\/schema\\\/logo\\\/image\\\/\",\"url\":\"https:\\\/\\\/kylat.ekarjala.fi\\\/valijoki\\\/wp-content\\\/uploads\\\/sites\\\/19\\\/2018\\\/01\\\/RIENTO_keltaisella_RGB.jpg\",\"contentUrl\":\"https:\\\/\\\/kylat.ekarjala.fi\\\/valijoki\\\/wp-content\\\/uploads\\\/sites\\\/19\\\/2018\\\/01\\\/RIENTO_keltaisella_RGB.jpg\",\"width\":1178,\"height\":758,\"caption\":\"V\u00e4lijoki\"},\"image\":{\"@id\":\"https:\\\/\\\/kylat.ekarjala.fi\\\/valijoki\\\/#\\\/schema\\\/logo\\\/image\\\/\"},\"sameAs\":[\"https:\\\/\\\/www.facebook.com\\\/ValijoenNuorisoseuraRientoRy\\\/?locale=fi_FI\",\"https:\\\/\\\/www.instagram.com\\\/valijoenriento\\\/\"]}]}<\/script>\n<!-- \/ Yoast SEO plugin. -->","yoast_head_json":{"title":"Ajankohtaista 2026 - V\u00e4lijoki","robots":{"index":"index","follow":"follow","max-snippet":"max-snippet:-1","max-image-preview":"max-image-preview:large","max-video-preview":"max-video-preview:-1"},"canonical":"https:\/\/kylat.ekarjala.fi\/valijoki\/yhdistyksen-toimintaa-2026\/","og_locale":"fi_FI","og_type":"article","og_title":"Ajankohtaista 2026 - V\u00e4lijoki","og_description":"Kes\u00e4teatteri T\u00e4n\u00e4kin kes\u00e4n\u00e4 V\u00e4lijoell\u00e4 p\u00e4\u00e4st\u00e4\u00e4n nauttimaan kes\u00e4teatterista. Harjoitukset ovat jo hyv\u00e4ss\u00e4 vaiheessa ja esityspaikkana on edellisvuosista poiketen V\u00e4lijoen tanssilava! N\u00e4ytelm\u00e4n\u00e4 on &#8221;Haluatko m\u00f6kkil\u00e4iseksi&#8221;-komedia. Lis\u00e4\u00e4 kes\u00e4teatteri-sivulla. * * * * * * * Remonttia V\u00e4lijoen lavan huussit tulevat kokemaan muodonmuutoksen parempaan &hellip; Continue reading &rarr;","og_url":"https:\/\/kylat.ekarjala.fi\/valijoki\/yhdistyksen-toimintaa-2026\/","og_site_name":"V\u00e4lijoki","article_publisher":"https:\/\/www.facebook.com\/ValijoenNuorisoseuraRientoRy\/?locale=fi_FI","article_modified_time":"2026-04-11T16:33:00+00:00","og_image":[{"width":1200,"height":1600,"url":"https:\/\/kylat.ekarjala.fi\/valijoki\/wp-content\/uploads\/sites\/19\/2026\/04\/facebook_1775924513833_7448767292067919217.jpg","type":"image\/jpeg"}],"twitter_card":"summary_large_image","twitter_misc":{"Arvioitu lukuaika":"2 minuuttia"},"schema":{"@context":"https:\/\/schema.org","@graph":[{"@type":"WebPage","@id":"https:\/\/kylat.ekarjala.fi\/valijoki\/yhdistyksen-toimintaa-2026\/","url":"https:\/\/kylat.ekarjala.fi\/valijoki\/yhdistyksen-toimintaa-2026\/","name":"Ajankohtaista 2026 - V\u00e4lijoki","isPartOf":{"@id":"https:\/\/kylat.ekarjala.fi\/valijoki\/#website"},"primaryImageOfPage":{"@id":"https:\/\/kylat.ekarjala.fi\/valijoki\/yhdistyksen-toimintaa-2026\/#primaryimage"},"image":{"@id":"https:\/\/kylat.ekarjala.fi\/valijoki\/yhdistyksen-toimintaa-2026\/#primaryimage"},"thumbnailUrl":"https:\/\/kylat.ekarjala.fi\/valijoki\/wp-content\/uploads\/sites\/19\/2026\/04\/facebook_1775924513833_7448767292067919217-768x1024.jpg","datePublished":"2026-01-07T12:18:59+00:00","dateModified":"2026-04-11T16:33:00+00:00","breadcrumb":{"@id":"https:\/\/kylat.ekarjala.fi\/valijoki\/yhdistyksen-toimintaa-2026\/#breadcrumb"},"inLanguage":"fi","potentialAction":[{"@type":"ReadAction","target":["https:\/\/kylat.ekarjala.fi\/valijoki\/yhdistyksen-toimintaa-2026\/"]}]},{"@type":"ImageObject","inLanguage":"fi","@id":"https:\/\/kylat.ekarjala.fi\/valijoki\/yhdistyksen-toimintaa-2026\/#primaryimage","url":"https:\/\/kylat.ekarjala.fi\/valijoki\/wp-content\/uploads\/sites\/19\/2026\/04\/facebook_1775924513833_7448767292067919217.jpg","contentUrl":"https:\/\/kylat.ekarjala.fi\/valijoki\/wp-content\/uploads\/sites\/19\/2026\/04\/facebook_1775924513833_7448767292067919217.jpg","width":1200,"height":1600},{"@type":"BreadcrumbList","@id":"https:\/\/kylat.ekarjala.fi\/valijoki\/yhdistyksen-toimintaa-2026\/#breadcrumb","itemListElement":[{"@type":"ListItem","position":1,"name":"Etusivu","item":"https:\/\/kylat.ekarjala.fi\/valijoki\/"},{"@type":"ListItem","position":2,"name":"Ajankohtaista 2026"}]},{"@type":"WebSite","@id":"https:\/\/kylat.ekarjala.fi\/valijoki\/#website","url":"https:\/\/kylat.ekarjala.fi\/valijoki\/","name":"V\u00e4lijoki","description":"Uusi Etel\u00e4-Karjalan kyl\u00e4sivustot -sivusto","publisher":{"@id":"https:\/\/kylat.ekarjala.fi\/valijoki\/#organization"},"potentialAction":[{"@type":"SearchAction","target":{"@type":"EntryPoint","urlTemplate":"https:\/\/kylat.ekarjala.fi\/valijoki\/?s={search_term_string}"},"query-input":{"@type":"PropertyValueSpecification","valueRequired":true,"valueName":"search_term_string"}}],"inLanguage":"fi"},{"@type":"Organization","@id":"https:\/\/kylat.ekarjala.fi\/valijoki\/#organization","name":"V\u00e4lijoki","url":"https:\/\/kylat.ekarjala.fi\/valijoki\/","logo":{"@type":"ImageObject","inLanguage":"fi","@id":"https:\/\/kylat.ekarjala.fi\/valijoki\/#\/schema\/logo\/image\/","url":"https:\/\/kylat.ekarjala.fi\/valijoki\/wp-content\/uploads\/sites\/19\/2018\/01\/RIENTO_keltaisella_RGB.jpg","contentUrl":"https:\/\/kylat.ekarjala.fi\/valijoki\/wp-content\/uploads\/sites\/19\/2018\/01\/RIENTO_keltaisella_RGB.jpg","width":1178,"height":758,"caption":"V\u00e4lijoki"},"image":{"@id":"https:\/\/kylat.ekarjala.fi\/valijoki\/#\/schema\/logo\/image\/"},"sameAs":["https:\/\/www.facebook.com\/ValijoenNuorisoseuraRientoRy\/?locale=fi_FI","https:\/\/www.instagram.com\/valijoenriento\/"]}]}},"_links":{"self":[{"href":"https:\/\/kylat.ekarjala.fi\/valijoki\/wp-json\/wp\/v2\/pages\/876","targetHints":{"allow":["GET"]}}],"collection":[{"href":"https:\/\/kylat.ekarjala.fi\/valijoki\/wp-json\/wp\/v2\/pages"}],"about":[{"href":"https:\/\/kylat.ekarjala.fi\/valijoki\/wp-json\/wp\/v2\/types\/page"}],"author":[{"embeddable":true,"href":"https:\/\/kylat.ekarjala.fi\/valijoki\/wp-json\/wp\/v2\/users\/31"}],"replies":[{"embeddable":true,"href":"https:\/\/kylat.ekarjala.fi\/valijoki\/wp-json\/wp\/v2\/comments?post=876"}],"version-history":[{"count":8,"href":"https:\/\/kylat.ekarjala.fi\/valijoki\/wp-json\/wp\/v2\/pages\/876\/revisions"}],"predecessor-version":[{"id":928,"href":"https:\/\/kylat.ekarjala.fi\/valijoki\/wp-json\/wp\/v2\/pages\/876\/revisions\/928"}],"wp:attachment":[{"href":"https:\/\/kylat.ekarjala.fi\/valijoki\/wp-json\/wp\/v2\/media?parent=876"}],"curies":[{"name":"wp","href":"https:\/\/api.w.org\/{rel}","templated":true}]}}