{"id":905,"date":"2026-03-29T19:35:27","date_gmt":"2026-03-29T20:05:27","guid":{"rendered":"https:\/\/kylat.ekarjala.fi\/valijoki\/?page_id=905"},"modified":"2026-03-29T19:43:51","modified_gmt":"2026-03-29T20:13:51","slug":"siivoustalkoot-takavuosilta","status":"publish","type":"page","link":"https:\/\/kylat.ekarjala.fi\/valijoki\/mannisto-ja-valijoen-parketti\/kuvagalleria\/siivoustalkoot-takavuosilta\/","title":{"rendered":"Erilaisia juhlakattauksia M\u00e4nnist\u00f6ss\u00e4"},"content":{"rendered":"\n<figure class=\"wp-block-gallery has-nested-images columns-default is-cropped wp-block-gallery-1 is-layout-flex wp-block-gallery-is-layout-flex\">\n<figure class=\"wp-block-image size-large\"><a href=\"https:\/\/kylat.ekarjala.fi\/valijoki\/wp-content\/uploads\/sites\/19\/2025\/09\/IMG-20250920-WA0011_muokattu.jpg\"><img fetchpriority=\"high\" decoding=\"async\" width=\"1024\" height=\"815\" data-id=\"825\" src=\"https:\/\/kylat.ekarjala.fi\/valijoki\/wp-content\/uploads\/sites\/19\/2025\/09\/IMG-20250920-WA0011_muokattu-1024x815.jpg\" alt=\"T\u00e4ss\u00e4 on esill\u00e4 erilaisia kattauksia, joita voidaan loihtia M\u00e4nnist\u00f6\u00f6n.\" class=\"wp-image-825\" srcset=\"https:\/\/kylat.ekarjala.fi\/valijoki\/wp-content\/uploads\/sites\/19\/2025\/09\/IMG-20250920-WA0011_muokattu-1024x815.jpg 1024w, https:\/\/kylat.ekarjala.fi\/valijoki\/wp-content\/uploads\/sites\/19\/2025\/09\/IMG-20250920-WA0011_muokattu-300x239.jpg 300w, https:\/\/kylat.ekarjala.fi\/valijoki\/wp-content\/uploads\/sites\/19\/2025\/09\/IMG-20250920-WA0011_muokattu-768x611.jpg 768w, https:\/\/kylat.ekarjala.fi\/valijoki\/wp-content\/uploads\/sites\/19\/2025\/09\/IMG-20250920-WA0011_muokattu-800x637.jpg 800w, https:\/\/kylat.ekarjala.fi\/valijoki\/wp-content\/uploads\/sites\/19\/2025\/09\/IMG-20250920-WA0011_muokattu.jpg 1508w\" sizes=\"(max-width: 1024px) 100vw, 1024px\" \/><\/a><\/figure>\n\n\n\n<figure class=\"wp-block-image size-large\"><a href=\"https:\/\/kylat.ekarjala.fi\/valijoki\/wp-content\/uploads\/sites\/19\/2025\/09\/20250920_161531.jpg\"><img decoding=\"async\" width=\"666\" height=\"1024\" data-id=\"813\" src=\"https:\/\/kylat.ekarjala.fi\/valijoki\/wp-content\/uploads\/sites\/19\/2025\/09\/20250920_161531-666x1024.jpg\" alt=\"\" class=\"wp-image-813\" srcset=\"https:\/\/kylat.ekarjala.fi\/valijoki\/wp-content\/uploads\/sites\/19\/2025\/09\/20250920_161531-666x1024.jpg 666w, https:\/\/kylat.ekarjala.fi\/valijoki\/wp-content\/uploads\/sites\/19\/2025\/09\/20250920_161531-195x300.jpg 195w, https:\/\/kylat.ekarjala.fi\/valijoki\/wp-content\/uploads\/sites\/19\/2025\/09\/20250920_161531-768x1181.jpg 768w, https:\/\/kylat.ekarjala.fi\/valijoki\/wp-content\/uploads\/sites\/19\/2025\/09\/20250920_161531-999x1536.jpg 999w, https:\/\/kylat.ekarjala.fi\/valijoki\/wp-content\/uploads\/sites\/19\/2025\/09\/20250920_161531-520x800.jpg 520w\" sizes=\"(max-width: 666px) 100vw, 666px\" \/><\/a><\/figure>\n\n\n\n<figure class=\"wp-block-image size-large\"><a href=\"https:\/\/kylat.ekarjala.fi\/valijoki\/wp-content\/uploads\/sites\/19\/2025\/09\/20250920_161929_muokattu-1-scaled.jpg\"><img decoding=\"async\" width=\"1024\" height=\"576\" data-id=\"819\" src=\"https:\/\/kylat.ekarjala.fi\/valijoki\/wp-content\/uploads\/sites\/19\/2025\/09\/20250920_161929_muokattu-1-1024x576.jpg\" alt=\"\" class=\"wp-image-819\" srcset=\"https:\/\/kylat.ekarjala.fi\/valijoki\/wp-content\/uploads\/sites\/19\/2025\/09\/20250920_161929_muokattu-1-1024x576.jpg 1024w, https:\/\/kylat.ekarjala.fi\/valijoki\/wp-content\/uploads\/sites\/19\/2025\/09\/20250920_161929_muokattu-1-300x169.jpg 300w, https:\/\/kylat.ekarjala.fi\/valijoki\/wp-content\/uploads\/sites\/19\/2025\/09\/20250920_161929_muokattu-1-768x432.jpg 768w, https:\/\/kylat.ekarjala.fi\/valijoki\/wp-content\/uploads\/sites\/19\/2025\/09\/20250920_161929_muokattu-1-1536x864.jpg 1536w, https:\/\/kylat.ekarjala.fi\/valijoki\/wp-content\/uploads\/sites\/19\/2025\/09\/20250920_161929_muokattu-1-2048x1152.jpg 2048w, https:\/\/kylat.ekarjala.fi\/valijoki\/wp-content\/uploads\/sites\/19\/2025\/09\/20250920_161929_muokattu-1-800x450.jpg 800w\" sizes=\"(max-width: 1024px) 100vw, 1024px\" \/><\/a><\/figure>\n\n\n\n<figure class=\"wp-block-image size-large\"><a href=\"https:\/\/kylat.ekarjala.fi\/valijoki\/wp-content\/uploads\/sites\/19\/2025\/09\/IMG-20250920-WA0009_muokattu.jpg\"><img loading=\"lazy\" decoding=\"async\" width=\"1024\" height=\"625\" data-id=\"826\" src=\"https:\/\/kylat.ekarjala.fi\/valijoki\/wp-content\/uploads\/sites\/19\/2025\/09\/IMG-20250920-WA0009_muokattu-1024x625.jpg\" alt=\"\" class=\"wp-image-826\" srcset=\"https:\/\/kylat.ekarjala.fi\/valijoki\/wp-content\/uploads\/sites\/19\/2025\/09\/IMG-20250920-WA0009_muokattu-1024x625.jpg 1024w, https:\/\/kylat.ekarjala.fi\/valijoki\/wp-content\/uploads\/sites\/19\/2025\/09\/IMG-20250920-WA0009_muokattu-300x183.jpg 300w, https:\/\/kylat.ekarjala.fi\/valijoki\/wp-content\/uploads\/sites\/19\/2025\/09\/IMG-20250920-WA0009_muokattu-768x469.jpg 768w, https:\/\/kylat.ekarjala.fi\/valijoki\/wp-content\/uploads\/sites\/19\/2025\/09\/IMG-20250920-WA0009_muokattu-800x489.jpg 800w, https:\/\/kylat.ekarjala.fi\/valijoki\/wp-content\/uploads\/sites\/19\/2025\/09\/IMG-20250920-WA0009_muokattu.jpg 1187w\" sizes=\"(max-width: 1024px) 100vw, 1024px\" \/><\/a><\/figure>\n\n\n\n<figure class=\"wp-block-image size-large\"><a href=\"https:\/\/kylat.ekarjala.fi\/valijoki\/wp-content\/uploads\/sites\/19\/2025\/09\/20250920_114754_muokattu-scaled.jpg\"><img loading=\"lazy\" decoding=\"async\" width=\"1024\" height=\"748\" data-id=\"829\" src=\"https:\/\/kylat.ekarjala.fi\/valijoki\/wp-content\/uploads\/sites\/19\/2025\/09\/20250920_114754_muokattu-1024x748.jpg\" alt=\"\" class=\"wp-image-829\" srcset=\"https:\/\/kylat.ekarjala.fi\/valijoki\/wp-content\/uploads\/sites\/19\/2025\/09\/20250920_114754_muokattu-1024x748.jpg 1024w, https:\/\/kylat.ekarjala.fi\/valijoki\/wp-content\/uploads\/sites\/19\/2025\/09\/20250920_114754_muokattu-300x219.jpg 300w, https:\/\/kylat.ekarjala.fi\/valijoki\/wp-content\/uploads\/sites\/19\/2025\/09\/20250920_114754_muokattu-768x561.jpg 768w, https:\/\/kylat.ekarjala.fi\/valijoki\/wp-content\/uploads\/sites\/19\/2025\/09\/20250920_114754_muokattu-1536x1121.jpg 1536w, https:\/\/kylat.ekarjala.fi\/valijoki\/wp-content\/uploads\/sites\/19\/2025\/09\/20250920_114754_muokattu-2048x1495.jpg 2048w, https:\/\/kylat.ekarjala.fi\/valijoki\/wp-content\/uploads\/sites\/19\/2025\/09\/20250920_114754_muokattu-800x584.jpg 800w\" sizes=\"(max-width: 1024px) 100vw, 1024px\" \/><\/a><\/figure>\n\n\n\n<figure class=\"wp-block-image size-large\"><a href=\"https:\/\/kylat.ekarjala.fi\/valijoki\/wp-content\/uploads\/sites\/19\/2025\/09\/20250920_162119_muokattu.jpg\"><img loading=\"lazy\" decoding=\"async\" width=\"656\" height=\"1024\" data-id=\"831\" src=\"https:\/\/kylat.ekarjala.fi\/valijoki\/wp-content\/uploads\/sites\/19\/2025\/09\/20250920_162119_muokattu-656x1024.jpg\" alt=\"\" class=\"wp-image-831\" srcset=\"https:\/\/kylat.ekarjala.fi\/valijoki\/wp-content\/uploads\/sites\/19\/2025\/09\/20250920_162119_muokattu-656x1024.jpg 656w, https:\/\/kylat.ekarjala.fi\/valijoki\/wp-content\/uploads\/sites\/19\/2025\/09\/20250920_162119_muokattu-192x300.jpg 192w, https:\/\/kylat.ekarjala.fi\/valijoki\/wp-content\/uploads\/sites\/19\/2025\/09\/20250920_162119_muokattu-768x1199.jpg 768w, https:\/\/kylat.ekarjala.fi\/valijoki\/wp-content\/uploads\/sites\/19\/2025\/09\/20250920_162119_muokattu-984x1536.jpg 984w, https:\/\/kylat.ekarjala.fi\/valijoki\/wp-content\/uploads\/sites\/19\/2025\/09\/20250920_162119_muokattu-513x800.jpg 513w\" sizes=\"(max-width: 656px) 100vw, 656px\" \/><\/a><\/figure>\n\n\n\n<figure class=\"wp-block-image size-large\"><a href=\"https:\/\/kylat.ekarjala.fi\/valijoki\/wp-content\/uploads\/sites\/19\/2025\/09\/IMG-20250920-WA0010_muokattu.jpg\"><img loading=\"lazy\" decoding=\"async\" width=\"464\" height=\"1024\" data-id=\"835\" src=\"https:\/\/kylat.ekarjala.fi\/valijoki\/wp-content\/uploads\/sites\/19\/2025\/09\/IMG-20250920-WA0010_muokattu-464x1024.jpg\" alt=\"\" class=\"wp-image-835\" srcset=\"https:\/\/kylat.ekarjala.fi\/valijoki\/wp-content\/uploads\/sites\/19\/2025\/09\/IMG-20250920-WA0010_muokattu-464x1024.jpg 464w, https:\/\/kylat.ekarjala.fi\/valijoki\/wp-content\/uploads\/sites\/19\/2025\/09\/IMG-20250920-WA0010_muokattu-136x300.jpg 136w, https:\/\/kylat.ekarjala.fi\/valijoki\/wp-content\/uploads\/sites\/19\/2025\/09\/IMG-20250920-WA0010_muokattu-696x1536.jpg 696w, https:\/\/kylat.ekarjala.fi\/valijoki\/wp-content\/uploads\/sites\/19\/2025\/09\/IMG-20250920-WA0010_muokattu-363x800.jpg 363w, https:\/\/kylat.ekarjala.fi\/valijoki\/wp-content\/uploads\/sites\/19\/2025\/09\/IMG-20250920-WA0010_muokattu.jpg 725w\" sizes=\"(max-width: 464px) 100vw, 464px\" \/><\/a><\/figure>\n\n\n\n<figure class=\"wp-block-image size-large\"><a href=\"https:\/\/kylat.ekarjala.fi\/valijoki\/wp-content\/uploads\/sites\/19\/2025\/09\/20250920_161843.jpg\"><img loading=\"lazy\" decoding=\"async\" width=\"1024\" height=\"576\" data-id=\"837\" src=\"https:\/\/kylat.ekarjala.fi\/valijoki\/wp-content\/uploads\/sites\/19\/2025\/09\/20250920_161843-1024x576.jpg\" alt=\"\" class=\"wp-image-837\" srcset=\"https:\/\/kylat.ekarjala.fi\/valijoki\/wp-content\/uploads\/sites\/19\/2025\/09\/20250920_161843-1024x576.jpg 1024w, https:\/\/kylat.ekarjala.fi\/valijoki\/wp-content\/uploads\/sites\/19\/2025\/09\/20250920_161843-300x169.jpg 300w, https:\/\/kylat.ekarjala.fi\/valijoki\/wp-content\/uploads\/sites\/19\/2025\/09\/20250920_161843-768x432.jpg 768w, https:\/\/kylat.ekarjala.fi\/valijoki\/wp-content\/uploads\/sites\/19\/2025\/09\/20250920_161843-1536x864.jpg 1536w, https:\/\/kylat.ekarjala.fi\/valijoki\/wp-content\/uploads\/sites\/19\/2025\/09\/20250920_161843-800x450.jpg 800w\" sizes=\"(max-width: 1024px) 100vw, 1024px\" \/><\/a><\/figure>\n\n\n\n<figure class=\"wp-block-image size-large\"><a href=\"https:\/\/kylat.ekarjala.fi\/valijoki\/wp-content\/uploads\/sites\/19\/2025\/09\/20250920_161444-1-scaled.jpg\"><img loading=\"lazy\" decoding=\"async\" width=\"1024\" height=\"786\" data-id=\"840\" src=\"https:\/\/kylat.ekarjala.fi\/valijoki\/wp-content\/uploads\/sites\/19\/2025\/09\/20250920_161444-1-1024x786.jpg\" alt=\"\" class=\"wp-image-840\" srcset=\"https:\/\/kylat.ekarjala.fi\/valijoki\/wp-content\/uploads\/sites\/19\/2025\/09\/20250920_161444-1-1024x786.jpg 1024w, https:\/\/kylat.ekarjala.fi\/valijoki\/wp-content\/uploads\/sites\/19\/2025\/09\/20250920_161444-1-300x230.jpg 300w, https:\/\/kylat.ekarjala.fi\/valijoki\/wp-content\/uploads\/sites\/19\/2025\/09\/20250920_161444-1-768x589.jpg 768w, https:\/\/kylat.ekarjala.fi\/valijoki\/wp-content\/uploads\/sites\/19\/2025\/09\/20250920_161444-1-1536x1179.jpg 1536w, https:\/\/kylat.ekarjala.fi\/valijoki\/wp-content\/uploads\/sites\/19\/2025\/09\/20250920_161444-1-2048x1572.jpg 2048w, https:\/\/kylat.ekarjala.fi\/valijoki\/wp-content\/uploads\/sites\/19\/2025\/09\/20250920_161444-1-800x614.jpg 800w\" sizes=\"(max-width: 1024px) 100vw, 1024px\" \/><\/a><\/figure>\n\n\n\n<figure class=\"wp-block-image size-large\"><a href=\"https:\/\/kylat.ekarjala.fi\/valijoki\/wp-content\/uploads\/sites\/19\/2025\/09\/20250920_161705_muokattu.jpg\"><img loading=\"lazy\" decoding=\"async\" width=\"1024\" height=\"576\" data-id=\"841\" src=\"https:\/\/kylat.ekarjala.fi\/valijoki\/wp-content\/uploads\/sites\/19\/2025\/09\/20250920_161705_muokattu-1024x576.jpg\" alt=\"\" class=\"wp-image-841\" srcset=\"https:\/\/kylat.ekarjala.fi\/valijoki\/wp-content\/uploads\/sites\/19\/2025\/09\/20250920_161705_muokattu-1024x576.jpg 1024w, https:\/\/kylat.ekarjala.fi\/valijoki\/wp-content\/uploads\/sites\/19\/2025\/09\/20250920_161705_muokattu-300x169.jpg 300w, https:\/\/kylat.ekarjala.fi\/valijoki\/wp-content\/uploads\/sites\/19\/2025\/09\/20250920_161705_muokattu-768x432.jpg 768w, https:\/\/kylat.ekarjala.fi\/valijoki\/wp-content\/uploads\/sites\/19\/2025\/09\/20250920_161705_muokattu-1536x864.jpg 1536w, https:\/\/kylat.ekarjala.fi\/valijoki\/wp-content\/uploads\/sites\/19\/2025\/09\/20250920_161705_muokattu-800x450.jpg 800w\" sizes=\"(max-width: 1024px) 100vw, 1024px\" \/><\/a><\/figure>\n\n\n\n<figure class=\"wp-block-image size-large\"><a href=\"https:\/\/kylat.ekarjala.fi\/valijoki\/wp-content\/uploads\/sites\/19\/2025\/09\/20250920_161618_muokattu-scaled.jpg\"><img loading=\"lazy\" decoding=\"async\" width=\"580\" height=\"1024\" data-id=\"843\" src=\"https:\/\/kylat.ekarjala.fi\/valijoki\/wp-content\/uploads\/sites\/19\/2025\/09\/20250920_161618_muokattu-580x1024.jpg\" alt=\"Kes\u00e4ll\u00e4 2025 hyvinvointip\u00e4iv\u00e4n yhteydess\u00e4 oli esill\u00e4 erilaisia juhlakattauksia, joita voi loihtia M\u00e4nnist\u00f6\u00f6n.\" class=\"wp-image-843\" srcset=\"https:\/\/kylat.ekarjala.fi\/valijoki\/wp-content\/uploads\/sites\/19\/2025\/09\/20250920_161618_muokattu-580x1024.jpg 580w, https:\/\/kylat.ekarjala.fi\/valijoki\/wp-content\/uploads\/sites\/19\/2025\/09\/20250920_161618_muokattu-170x300.jpg 170w, https:\/\/kylat.ekarjala.fi\/valijoki\/wp-content\/uploads\/sites\/19\/2025\/09\/20250920_161618_muokattu-768x1356.jpg 768w, https:\/\/kylat.ekarjala.fi\/valijoki\/wp-content\/uploads\/sites\/19\/2025\/09\/20250920_161618_muokattu-870x1536.jpg 870w, https:\/\/kylat.ekarjala.fi\/valijoki\/wp-content\/uploads\/sites\/19\/2025\/09\/20250920_161618_muokattu-1160x2048.jpg 1160w, https:\/\/kylat.ekarjala.fi\/valijoki\/wp-content\/uploads\/sites\/19\/2025\/09\/20250920_161618_muokattu-453x800.jpg 453w, https:\/\/kylat.ekarjala.fi\/valijoki\/wp-content\/uploads\/sites\/19\/2025\/09\/20250920_161618_muokattu-scaled.jpg 1450w\" sizes=\"(max-width: 580px) 100vw, 580px\" \/><\/a><\/figure>\n<\/figure>\n","protected":false},"excerpt":{"rendered":"","protected":false},"author":31,"featured_media":380,"parent":315,"menu_order":0,"comment_status":"closed","ping_status":"closed","template":"","meta":{"footnotes":""},"class_list":["post-905","page","type-page","status-publish","has-post-thumbnail","hentry"],"yoast_head":"<!-- This site is optimized with the Yoast SEO plugin v27.3 - https:\/\/yoast.com\/product\/yoast-seo-wordpress\/ -->\n<title>Erilaisia juhlakattauksia M\u00e4nnist\u00f6ss\u00e4 - V\u00e4lijoki<\/title>\n<meta name=\"robots\" content=\"index, follow, max-snippet:-1, max-image-preview:large, max-video-preview:-1\" \/>\n<link rel=\"canonical\" href=\"https:\/\/kylat.ekarjala.fi\/valijoki\/mannisto-ja-valijoen-parketti\/kuvagalleria\/siivoustalkoot-takavuosilta\/\" \/>\n<meta property=\"og:locale\" content=\"fi_FI\" \/>\n<meta property=\"og:type\" content=\"article\" \/>\n<meta property=\"og:title\" content=\"Erilaisia juhlakattauksia M\u00e4nnist\u00f6ss\u00e4 - V\u00e4lijoki\" \/>\n<meta property=\"og:url\" content=\"https:\/\/kylat.ekarjala.fi\/valijoki\/mannisto-ja-valijoen-parketti\/kuvagalleria\/siivoustalkoot-takavuosilta\/\" \/>\n<meta property=\"og:site_name\" content=\"V\u00e4lijoki\" \/>\n<meta property=\"article:publisher\" content=\"https:\/\/www.facebook.com\/ValijoenNuorisoseuraRientoRy\/?locale=fi_FI\" \/>\n<meta property=\"article:modified_time\" content=\"2026-03-29T20:13:51+00:00\" \/>\n<meta property=\"og:image\" content=\"https:\/\/kylat.ekarjala.fi\/valijoki\/wp-content\/uploads\/sites\/19\/2015\/04\/DSCN4702.jpg\" \/>\n\t<meta property=\"og:image:width\" content=\"3264\" \/>\n\t<meta property=\"og:image:height\" content=\"2448\" \/>\n\t<meta property=\"og:image:type\" content=\"image\/jpeg\" \/>\n<meta name=\"twitter:card\" content=\"summary_large_image\" \/>\n<meta name=\"twitter:label1\" content=\"Arvioitu lukuaika\" \/>\n\t<meta name=\"twitter:data1\" content=\"3 minuuttia\" \/>\n<script type=\"application\/ld+json\" class=\"yoast-schema-graph\">{\"@context\":\"https:\\\/\\\/schema.org\",\"@graph\":[{\"@type\":\"WebPage\",\"@id\":\"https:\\\/\\\/kylat.ekarjala.fi\\\/valijoki\\\/mannisto-ja-valijoen-parketti\\\/kuvagalleria\\\/siivoustalkoot-takavuosilta\\\/\",\"url\":\"https:\\\/\\\/kylat.ekarjala.fi\\\/valijoki\\\/mannisto-ja-valijoen-parketti\\\/kuvagalleria\\\/siivoustalkoot-takavuosilta\\\/\",\"name\":\"Erilaisia juhlakattauksia M\u00e4nnist\u00f6ss\u00e4 - V\u00e4lijoki\",\"isPartOf\":{\"@id\":\"https:\\\/\\\/kylat.ekarjala.fi\\\/valijoki\\\/#website\"},\"primaryImageOfPage\":{\"@id\":\"https:\\\/\\\/kylat.ekarjala.fi\\\/valijoki\\\/mannisto-ja-valijoen-parketti\\\/kuvagalleria\\\/siivoustalkoot-takavuosilta\\\/#primaryimage\"},\"image\":{\"@id\":\"https:\\\/\\\/kylat.ekarjala.fi\\\/valijoki\\\/mannisto-ja-valijoen-parketti\\\/kuvagalleria\\\/siivoustalkoot-takavuosilta\\\/#primaryimage\"},\"thumbnailUrl\":\"https:\\\/\\\/kylat.ekarjala.fi\\\/valijoki\\\/wp-content\\\/uploads\\\/sites\\\/19\\\/2015\\\/04\\\/DSCN4702.jpg\",\"datePublished\":\"2026-03-29T20:05:27+00:00\",\"dateModified\":\"2026-03-29T20:13:51+00:00\",\"breadcrumb\":{\"@id\":\"https:\\\/\\\/kylat.ekarjala.fi\\\/valijoki\\\/mannisto-ja-valijoen-parketti\\\/kuvagalleria\\\/siivoustalkoot-takavuosilta\\\/#breadcrumb\"},\"inLanguage\":\"fi\",\"potentialAction\":[{\"@type\":\"ReadAction\",\"target\":[\"https:\\\/\\\/kylat.ekarjala.fi\\\/valijoki\\\/mannisto-ja-valijoen-parketti\\\/kuvagalleria\\\/siivoustalkoot-takavuosilta\\\/\"]}]},{\"@type\":\"ImageObject\",\"inLanguage\":\"fi\",\"@id\":\"https:\\\/\\\/kylat.ekarjala.fi\\\/valijoki\\\/mannisto-ja-valijoen-parketti\\\/kuvagalleria\\\/siivoustalkoot-takavuosilta\\\/#primaryimage\",\"url\":\"https:\\\/\\\/kylat.ekarjala.fi\\\/valijoki\\\/wp-content\\\/uploads\\\/sites\\\/19\\\/2015\\\/04\\\/DSCN4702.jpg\",\"contentUrl\":\"https:\\\/\\\/kylat.ekarjala.fi\\\/valijoki\\\/wp-content\\\/uploads\\\/sites\\\/19\\\/2015\\\/04\\\/DSCN4702.jpg\",\"width\":3264,\"height\":2448},{\"@type\":\"BreadcrumbList\",\"@id\":\"https:\\\/\\\/kylat.ekarjala.fi\\\/valijoki\\\/mannisto-ja-valijoen-parketti\\\/kuvagalleria\\\/siivoustalkoot-takavuosilta\\\/#breadcrumb\",\"itemListElement\":[{\"@type\":\"ListItem\",\"position\":1,\"name\":\"Etusivu\",\"item\":\"https:\\\/\\\/kylat.ekarjala.fi\\\/valijoki\\\/\"},{\"@type\":\"ListItem\",\"position\":2,\"name\":\"M\u00e4nnist\u00f6 ja V\u00e4lijoen lava\",\"item\":\"https:\\\/\\\/kylat.ekarjala.fi\\\/valijoki\\\/mannisto-ja-valijoen-parketti\\\/\"},{\"@type\":\"ListItem\",\"position\":3,\"name\":\"Kuvagalleria\",\"item\":\"https:\\\/\\\/kylat.ekarjala.fi\\\/valijoki\\\/mannisto-ja-valijoen-parketti\\\/kuvagalleria\\\/\"},{\"@type\":\"ListItem\",\"position\":4,\"name\":\"Erilaisia juhlakattauksia M\u00e4nnist\u00f6ss\u00e4\"}]},{\"@type\":\"WebSite\",\"@id\":\"https:\\\/\\\/kylat.ekarjala.fi\\\/valijoki\\\/#website\",\"url\":\"https:\\\/\\\/kylat.ekarjala.fi\\\/valijoki\\\/\",\"name\":\"V\u00e4lijoki\",\"description\":\"Uusi Etel\u00e4-Karjalan kyl\u00e4sivustot -sivusto\",\"publisher\":{\"@id\":\"https:\\\/\\\/kylat.ekarjala.fi\\\/valijoki\\\/#organization\"},\"potentialAction\":[{\"@type\":\"SearchAction\",\"target\":{\"@type\":\"EntryPoint\",\"urlTemplate\":\"https:\\\/\\\/kylat.ekarjala.fi\\\/valijoki\\\/?s={search_term_string}\"},\"query-input\":{\"@type\":\"PropertyValueSpecification\",\"valueRequired\":true,\"valueName\":\"search_term_string\"}}],\"inLanguage\":\"fi\"},{\"@type\":\"Organization\",\"@id\":\"https:\\\/\\\/kylat.ekarjala.fi\\\/valijoki\\\/#organization\",\"name\":\"V\u00e4lijoki\",\"url\":\"https:\\\/\\\/kylat.ekarjala.fi\\\/valijoki\\\/\",\"logo\":{\"@type\":\"ImageObject\",\"inLanguage\":\"fi\",\"@id\":\"https:\\\/\\\/kylat.ekarjala.fi\\\/valijoki\\\/#\\\/schema\\\/logo\\\/image\\\/\",\"url\":\"https:\\\/\\\/kylat.ekarjala.fi\\\/valijoki\\\/wp-content\\\/uploads\\\/sites\\\/19\\\/2018\\\/01\\\/RIENTO_keltaisella_RGB.jpg\",\"contentUrl\":\"https:\\\/\\\/kylat.ekarjala.fi\\\/valijoki\\\/wp-content\\\/uploads\\\/sites\\\/19\\\/2018\\\/01\\\/RIENTO_keltaisella_RGB.jpg\",\"width\":1178,\"height\":758,\"caption\":\"V\u00e4lijoki\"},\"image\":{\"@id\":\"https:\\\/\\\/kylat.ekarjala.fi\\\/valijoki\\\/#\\\/schema\\\/logo\\\/image\\\/\"},\"sameAs\":[\"https:\\\/\\\/www.facebook.com\\\/ValijoenNuorisoseuraRientoRy\\\/?locale=fi_FI\",\"https:\\\/\\\/www.instagram.com\\\/valijoenriento\\\/\"]}]}<\/script>\n<!-- \/ Yoast SEO plugin. -->","yoast_head_json":{"title":"Erilaisia juhlakattauksia M\u00e4nnist\u00f6ss\u00e4 - V\u00e4lijoki","robots":{"index":"index","follow":"follow","max-snippet":"max-snippet:-1","max-image-preview":"max-image-preview:large","max-video-preview":"max-video-preview:-1"},"canonical":"https:\/\/kylat.ekarjala.fi\/valijoki\/mannisto-ja-valijoen-parketti\/kuvagalleria\/siivoustalkoot-takavuosilta\/","og_locale":"fi_FI","og_type":"article","og_title":"Erilaisia juhlakattauksia M\u00e4nnist\u00f6ss\u00e4 - V\u00e4lijoki","og_url":"https:\/\/kylat.ekarjala.fi\/valijoki\/mannisto-ja-valijoen-parketti\/kuvagalleria\/siivoustalkoot-takavuosilta\/","og_site_name":"V\u00e4lijoki","article_publisher":"https:\/\/www.facebook.com\/ValijoenNuorisoseuraRientoRy\/?locale=fi_FI","article_modified_time":"2026-03-29T20:13:51+00:00","og_image":[{"width":3264,"height":2448,"url":"https:\/\/kylat.ekarjala.fi\/valijoki\/wp-content\/uploads\/sites\/19\/2015\/04\/DSCN4702.jpg","type":"image\/jpeg"}],"twitter_card":"summary_large_image","twitter_misc":{"Arvioitu lukuaika":"3 minuuttia"},"schema":{"@context":"https:\/\/schema.org","@graph":[{"@type":"WebPage","@id":"https:\/\/kylat.ekarjala.fi\/valijoki\/mannisto-ja-valijoen-parketti\/kuvagalleria\/siivoustalkoot-takavuosilta\/","url":"https:\/\/kylat.ekarjala.fi\/valijoki\/mannisto-ja-valijoen-parketti\/kuvagalleria\/siivoustalkoot-takavuosilta\/","name":"Erilaisia juhlakattauksia M\u00e4nnist\u00f6ss\u00e4 - V\u00e4lijoki","isPartOf":{"@id":"https:\/\/kylat.ekarjala.fi\/valijoki\/#website"},"primaryImageOfPage":{"@id":"https:\/\/kylat.ekarjala.fi\/valijoki\/mannisto-ja-valijoen-parketti\/kuvagalleria\/siivoustalkoot-takavuosilta\/#primaryimage"},"image":{"@id":"https:\/\/kylat.ekarjala.fi\/valijoki\/mannisto-ja-valijoen-parketti\/kuvagalleria\/siivoustalkoot-takavuosilta\/#primaryimage"},"thumbnailUrl":"https:\/\/kylat.ekarjala.fi\/valijoki\/wp-content\/uploads\/sites\/19\/2015\/04\/DSCN4702.jpg","datePublished":"2026-03-29T20:05:27+00:00","dateModified":"2026-03-29T20:13:51+00:00","breadcrumb":{"@id":"https:\/\/kylat.ekarjala.fi\/valijoki\/mannisto-ja-valijoen-parketti\/kuvagalleria\/siivoustalkoot-takavuosilta\/#breadcrumb"},"inLanguage":"fi","potentialAction":[{"@type":"ReadAction","target":["https:\/\/kylat.ekarjala.fi\/valijoki\/mannisto-ja-valijoen-parketti\/kuvagalleria\/siivoustalkoot-takavuosilta\/"]}]},{"@type":"ImageObject","inLanguage":"fi","@id":"https:\/\/kylat.ekarjala.fi\/valijoki\/mannisto-ja-valijoen-parketti\/kuvagalleria\/siivoustalkoot-takavuosilta\/#primaryimage","url":"https:\/\/kylat.ekarjala.fi\/valijoki\/wp-content\/uploads\/sites\/19\/2015\/04\/DSCN4702.jpg","contentUrl":"https:\/\/kylat.ekarjala.fi\/valijoki\/wp-content\/uploads\/sites\/19\/2015\/04\/DSCN4702.jpg","width":3264,"height":2448},{"@type":"BreadcrumbList","@id":"https:\/\/kylat.ekarjala.fi\/valijoki\/mannisto-ja-valijoen-parketti\/kuvagalleria\/siivoustalkoot-takavuosilta\/#breadcrumb","itemListElement":[{"@type":"ListItem","position":1,"name":"Etusivu","item":"https:\/\/kylat.ekarjala.fi\/valijoki\/"},{"@type":"ListItem","position":2,"name":"M\u00e4nnist\u00f6 ja V\u00e4lijoen lava","item":"https:\/\/kylat.ekarjala.fi\/valijoki\/mannisto-ja-valijoen-parketti\/"},{"@type":"ListItem","position":3,"name":"Kuvagalleria","item":"https:\/\/kylat.ekarjala.fi\/valijoki\/mannisto-ja-valijoen-parketti\/kuvagalleria\/"},{"@type":"ListItem","position":4,"name":"Erilaisia juhlakattauksia M\u00e4nnist\u00f6ss\u00e4"}]},{"@type":"WebSite","@id":"https:\/\/kylat.ekarjala.fi\/valijoki\/#website","url":"https:\/\/kylat.ekarjala.fi\/valijoki\/","name":"V\u00e4lijoki","description":"Uusi Etel\u00e4-Karjalan kyl\u00e4sivustot -sivusto","publisher":{"@id":"https:\/\/kylat.ekarjala.fi\/valijoki\/#organization"},"potentialAction":[{"@type":"SearchAction","target":{"@type":"EntryPoint","urlTemplate":"https:\/\/kylat.ekarjala.fi\/valijoki\/?s={search_term_string}"},"query-input":{"@type":"PropertyValueSpecification","valueRequired":true,"valueName":"search_term_string"}}],"inLanguage":"fi"},{"@type":"Organization","@id":"https:\/\/kylat.ekarjala.fi\/valijoki\/#organization","name":"V\u00e4lijoki","url":"https:\/\/kylat.ekarjala.fi\/valijoki\/","logo":{"@type":"ImageObject","inLanguage":"fi","@id":"https:\/\/kylat.ekarjala.fi\/valijoki\/#\/schema\/logo\/image\/","url":"https:\/\/kylat.ekarjala.fi\/valijoki\/wp-content\/uploads\/sites\/19\/2018\/01\/RIENTO_keltaisella_RGB.jpg","contentUrl":"https:\/\/kylat.ekarjala.fi\/valijoki\/wp-content\/uploads\/sites\/19\/2018\/01\/RIENTO_keltaisella_RGB.jpg","width":1178,"height":758,"caption":"V\u00e4lijoki"},"image":{"@id":"https:\/\/kylat.ekarjala.fi\/valijoki\/#\/schema\/logo\/image\/"},"sameAs":["https:\/\/www.facebook.com\/ValijoenNuorisoseuraRientoRy\/?locale=fi_FI","https:\/\/www.instagram.com\/valijoenriento\/"]}]}},"_links":{"self":[{"href":"https:\/\/kylat.ekarjala.fi\/valijoki\/wp-json\/wp\/v2\/pages\/905","targetHints":{"allow":["GET"]}}],"collection":[{"href":"https:\/\/kylat.ekarjala.fi\/valijoki\/wp-json\/wp\/v2\/pages"}],"about":[{"href":"https:\/\/kylat.ekarjala.fi\/valijoki\/wp-json\/wp\/v2\/types\/page"}],"author":[{"embeddable":true,"href":"https:\/\/kylat.ekarjala.fi\/valijoki\/wp-json\/wp\/v2\/users\/31"}],"replies":[{"embeddable":true,"href":"https:\/\/kylat.ekarjala.fi\/valijoki\/wp-json\/wp\/v2\/comments?post=905"}],"version-history":[{"count":3,"href":"https:\/\/kylat.ekarjala.fi\/valijoki\/wp-json\/wp\/v2\/pages\/905\/revisions"}],"predecessor-version":[{"id":910,"href":"https:\/\/kylat.ekarjala.fi\/valijoki\/wp-json\/wp\/v2\/pages\/905\/revisions\/910"}],"up":[{"embeddable":true,"href":"https:\/\/kylat.ekarjala.fi\/valijoki\/wp-json\/wp\/v2\/pages\/315"}],"wp:featuredmedia":[{"embeddable":true,"href":"https:\/\/kylat.ekarjala.fi\/valijoki\/wp-json\/wp\/v2\/media\/380"}],"wp:attachment":[{"href":"https:\/\/kylat.ekarjala.fi\/valijoki\/wp-json\/wp\/v2\/media?parent=905"}],"curies":[{"name":"wp","href":"https:\/\/api.w.org\/{rel}","templated":true}]}}