{"id":2794,"date":"2024-10-29T16:22:30","date_gmt":"2024-10-29T14:22:30","guid":{"rendered":"https:\/\/kylat.ekarjala.fi\/vilkjarvi\/?page_id=2794"},"modified":"2024-10-29T16:57:20","modified_gmt":"2024-10-29T14:57:20","slug":"blogi","status":"publish","type":"page","link":"https:\/\/kylat.ekarjala.fi\/vilkjarvi\/blogi\/","title":{"rendered":"Blogi"},"content":{"rendered":"\t\t<div data-elementor-type=\"wp-page\" data-elementor-id=\"2794\" class=\"elementor elementor-2794\" data-elementor-post-type=\"page\">\n\t\t\t\t\t\t<section class=\"elementor-section elementor-top-section elementor-element elementor-element-e042082 elementor-section-boxed elementor-section-height-default elementor-section-height-default\" data-id=\"e042082\" data-element_type=\"section\" data-e-type=\"section\" data-settings=\"{&quot;background_background&quot;:&quot;classic&quot;}\">\n\t\t\t\t\t\t\t<div class=\"elementor-background-overlay\"><\/div>\n\t\t\t\t\t\t\t<div class=\"elementor-container elementor-column-gap-default\">\n\t\t\t\t\t<div class=\"elementor-column elementor-col-100 elementor-top-column elementor-element elementor-element-fb4bb54\" data-id=\"fb4bb54\" data-element_type=\"column\" data-e-type=\"column\">\n\t\t\t<div class=\"elementor-widget-wrap elementor-element-populated\">\n\t\t\t\t\t\t<div class=\"elementor-element elementor-element-2f3c786 elementor-widget elementor-widget-heading\" data-id=\"2f3c786\" data-element_type=\"widget\" data-e-type=\"widget\" data-widget_type=\"heading.default\">\n\t\t\t\t<div class=\"elementor-widget-container\">\n\t\t\t\t\t<h1 class=\"elementor-heading-title elementor-size-default\">Blogi<\/h1>\t\t\t\t<\/div>\n\t\t\t\t<\/div>\n\t\t\t\t\t<\/div>\n\t\t<\/div>\n\t\t\t\t\t<\/div>\n\t\t<\/section>\n\t\t\t\t<section class=\"elementor-section elementor-top-section elementor-element elementor-element-5e84b23 elementor-section-boxed elementor-section-height-default elementor-section-height-default\" data-id=\"5e84b23\" data-element_type=\"section\" data-e-type=\"section\">\n\t\t\t\t\t\t<div class=\"elementor-container elementor-column-gap-default\">\n\t\t\t\t\t<div class=\"elementor-column elementor-col-100 elementor-top-column elementor-element elementor-element-3c55b90\" data-id=\"3c55b90\" data-element_type=\"column\" data-e-type=\"column\">\n\t\t\t<div class=\"elementor-widget-wrap elementor-element-populated\">\n\t\t\t\t\t\t<div class=\"elementor-element elementor-element-285bc9a elementor-grid-3 elementor-grid-tablet-2 elementor-grid-mobile-1 elementor-posts--thumbnail-top elementor-card-shadow-yes elementor-posts__hover-gradient elementor-widget elementor-widget-posts\" data-id=\"285bc9a\" data-element_type=\"widget\" data-e-type=\"widget\" data-settings=\"{&quot;cards_columns&quot;:&quot;3&quot;,&quot;cards_columns_tablet&quot;:&quot;2&quot;,&quot;cards_columns_mobile&quot;:&quot;1&quot;,&quot;cards_row_gap&quot;:{&quot;unit&quot;:&quot;px&quot;,&quot;size&quot;:35,&quot;sizes&quot;:[]},&quot;cards_row_gap_tablet&quot;:{&quot;unit&quot;:&quot;px&quot;,&quot;size&quot;:&quot;&quot;,&quot;sizes&quot;:[]},&quot;cards_row_gap_mobile&quot;:{&quot;unit&quot;:&quot;px&quot;,&quot;size&quot;:&quot;&quot;,&quot;sizes&quot;:[]}}\" data-widget_type=\"posts.cards\">\n\t\t\t\t<div class=\"elementor-widget-container\">\n\t\t\t\t\t\t\t<div class=\"elementor-posts-container elementor-posts elementor-posts--skin-cards elementor-grid\" role=\"list\">\n\t\t\t\t<article class=\"elementor-post elementor-grid-item post-2980 post type-post status-publish format-standard hentry category-yleinen tag-historia tag-lastenhoito tag-mummo tag-vilkjarvi\" role=\"listitem\">\n\t\t\t<div class=\"elementor-post__card\">\n\t\t\t\t<div class=\"elementor-post__text\">\n\t\t\t\t<h3 class=\"elementor-post__title\">\n\t\t\t<a href=\"https:\/\/kylat.ekarjala.fi\/vilkjarvi\/entisajan-kylalaisia-hanna-mummo\/\" >\n\t\t\t\tEntisajan kyl\u00e4l\u00e4isi\u00e4: Hanna-mummo\t\t\t<\/a>\n\t\t<\/h3>\n\t\t\t\t<div class=\"elementor-post__excerpt\">\n\t\t\t<p>Suomessa tuli voimaan kansanel\u00e4kelaki vuonna 1937. Kansanel\u00e4kett\u00e4 alettiin maksaa 1940 -luvulla ja silloinkin el\u00e4kkeen m\u00e4\u00e4r\u00e4 oli pieni. Siihen asti vanhukset saivat koettaa p\u00e4rj\u00e4t\u00e4 kuka mitenkin.<\/p>\n\t\t<\/div>\n\t\t\n\t\t<a class=\"elementor-post__read-more\" href=\"https:\/\/kylat.ekarjala.fi\/vilkjarvi\/entisajan-kylalaisia-hanna-mummo\/\" aria-label=\"Read more about Entisajan kyl\u00e4l\u00e4isi\u00e4: Hanna-mummo\" tabindex=\"-1\" >\n\t\t\tLue lis\u00e4\u00e4\t\t<\/a>\n\n\t\t\t\t<\/div>\n\t\t\t\t<div class=\"elementor-post__meta-data\">\n\t\t\t\t\t<span class=\"elementor-post-date\">\n\t\t\t03\/06\/2025\t\t<\/span>\n\t\t\t\t<\/div>\n\t\t\t\t\t<\/div>\n\t\t<\/article>\n\t\t\t\t<article class=\"elementor-post elementor-grid-item post-2950 post type-post status-publish format-standard hentry category-yleinen\" role=\"listitem\">\n\t\t\t<div class=\"elementor-post__card\">\n\t\t\t\t<div class=\"elementor-post__text\">\n\t\t\t\t<h3 class=\"elementor-post__title\">\n\t\t\t<a href=\"https:\/\/kylat.ekarjala.fi\/vilkjarvi\/juhana-jukkala-karhunkiertajana-keisarillisessa-jahtiseurueessa\/\" >\n\t\t\t\tJuhana Jukkala \u2013 karhunkiert\u00e4j\u00e4n\u00e4 keisarillisessa jahtiseurueessa\t\t\t<\/a>\n\t\t<\/h3>\n\t\t\t\t<div class=\"elementor-post__excerpt\">\n\t\t\t<p>Juhana Rietunpoika Jukkala syntyi Rasan kantatilalla 19.6.1850. Vuonna 1871 h\u00e4n avioitui Hanna Juhanantyt\u00e4r H\u00e4k\u00e4miehen kanssa. Lapsia heille syntyi kuusi \u2013 yksi tytt\u00f6 ja viisi poikaa.<\/p>\n\t\t<\/div>\n\t\t\n\t\t<a class=\"elementor-post__read-more\" href=\"https:\/\/kylat.ekarjala.fi\/vilkjarvi\/juhana-jukkala-karhunkiertajana-keisarillisessa-jahtiseurueessa\/\" aria-label=\"Read more about Juhana Jukkala \u2013 karhunkiert\u00e4j\u00e4n\u00e4 keisarillisessa jahtiseurueessa\" tabindex=\"-1\" >\n\t\t\tLue lis\u00e4\u00e4\t\t<\/a>\n\n\t\t\t\t<\/div>\n\t\t\t\t<div class=\"elementor-post__meta-data\">\n\t\t\t\t\t<span class=\"elementor-post-date\">\n\t\t\t20\/01\/2025\t\t<\/span>\n\t\t\t\t<\/div>\n\t\t\t\t\t<\/div>\n\t\t<\/article>\n\t\t\t\t<article class=\"elementor-post elementor-grid-item post-2924 post type-post status-publish format-standard hentry category-yleinen\" role=\"listitem\">\n\t\t\t<div class=\"elementor-post__card\">\n\t\t\t\t<div class=\"elementor-post__text\">\n\t\t\t\t<h3 class=\"elementor-post__title\">\n\t\t\t<a href=\"https:\/\/kylat.ekarjala.fi\/vilkjarvi\/arvo-tankka-tarmokas-yhdistys-ja-jarjestoaktiivi\/\" >\n\t\t\t\tArvo Tankka &#8211; tarmokas yhdistys- ja j\u00e4rjest\u00f6aktiivi\t\t\t<\/a>\n\t\t<\/h3>\n\t\t\t\t<div class=\"elementor-post__excerpt\">\n\t\t\t<p>Arvo Tankan syntym\u00e4st\u00e4 tulee kuluneeksi t\u00e4n\u00e4 vuonna (2024) 105 vuotta. H\u00e4n syntyi Vilkj\u00e4rvell\u00e4 5.12.1919 Uudenm\u00e4en tilalla. Arvo tuli tutuksi monille yhdistys- ja j\u00e4rjest\u00f6toiminnan kautta. H\u00e4n<\/p>\n\t\t<\/div>\n\t\t\n\t\t<a class=\"elementor-post__read-more\" href=\"https:\/\/kylat.ekarjala.fi\/vilkjarvi\/arvo-tankka-tarmokas-yhdistys-ja-jarjestoaktiivi\/\" aria-label=\"Read more about Arvo Tankka &#8211; tarmokas yhdistys- ja j\u00e4rjest\u00f6aktiivi\" tabindex=\"-1\" >\n\t\t\tLue lis\u00e4\u00e4\t\t<\/a>\n\n\t\t\t\t<\/div>\n\t\t\t\t<div class=\"elementor-post__meta-data\">\n\t\t\t\t\t<span class=\"elementor-post-date\">\n\t\t\t04\/12\/2024\t\t<\/span>\n\t\t\t\t<\/div>\n\t\t\t\t\t<\/div>\n\t\t<\/article>\n\t\t\t\t<article class=\"elementor-post elementor-grid-item post-2891 post type-post status-publish format-standard hentry category-yleinen tag-maisemamaalaus tag-vilkjarvi\" role=\"listitem\">\n\t\t\t<div class=\"elementor-post__card\">\n\t\t\t\t<div class=\"elementor-post__text\">\n\t\t\t\t<h3 class=\"elementor-post__title\">\n\t\t\t<a href=\"https:\/\/kylat.ekarjala.fi\/vilkjarvi\/matalan-kynnyksen-maisemamaalauskurssi-kylatalolla-14-7-2024\/\" >\n\t\t\t\tMatalan kynnyksen maisemamaalauskurssi kyl\u00e4talolla (14.7.2024)\t\t\t<\/a>\n\t\t<\/h3>\n\t\t\t\t<div class=\"elementor-post__excerpt\">\n\t\t\t<p>Kyl\u00e4talo on oivallinen paikka j\u00e4rjest\u00e4\u00e4 tapahtumia. Hein\u00e4kuisena sunnuntaina opetin kyl\u00e4talolla ja sen pihapiiriss\u00e4 matalan kynnyksen maisemamaalauskurssin, ja paikalle tuli kuusi aiheesta kiinnostunutta kurssilaista. Kurssin aluksi<\/p>\n\t\t<\/div>\n\t\t\n\t\t<a class=\"elementor-post__read-more\" href=\"https:\/\/kylat.ekarjala.fi\/vilkjarvi\/matalan-kynnyksen-maisemamaalauskurssi-kylatalolla-14-7-2024\/\" aria-label=\"Read more about Matalan kynnyksen maisemamaalauskurssi kyl\u00e4talolla (14.7.2024)\" tabindex=\"-1\" >\n\t\t\tLue lis\u00e4\u00e4\t\t<\/a>\n\n\t\t\t\t<\/div>\n\t\t\t\t<div class=\"elementor-post__meta-data\">\n\t\t\t\t\t<span class=\"elementor-post-date\">\n\t\t\t18\/11\/2024\t\t<\/span>\n\t\t\t\t<\/div>\n\t\t\t\t\t<\/div>\n\t\t<\/article>\n\t\t\t\t<article class=\"elementor-post elementor-grid-item post-2876 post type-post status-publish format-standard hentry category-yleinen\" role=\"listitem\">\n\t\t\t<div class=\"elementor-post__card\">\n\t\t\t\t<div class=\"elementor-post__text\">\n\t\t\t\t<h3 class=\"elementor-post__title\">\n\t\t\t<a href=\"https:\/\/kylat.ekarjala.fi\/vilkjarvi\/antti-mikkola-hevosmies\/\" >\n\t\t\t\tAntti Mikkola &#8211; hevosmies\t\t\t<\/a>\n\t\t<\/h3>\n\t\t\t\t<div class=\"elementor-post__excerpt\">\n\t\t\t<p>\u201dMinulla tosin ei ole suurhevosmiesten lailla kertomisia huomattavista jalostussaavutuksista, suurista hevoskaupoista tai hauskoista kilpa-ajomatkoista. Mutta sit\u00e4 enemmin minulla on kokemuksia arkisesta aherruksesta pelloilla ja metsiss\u00e4,<\/p>\n\t\t<\/div>\n\t\t\n\t\t<a class=\"elementor-post__read-more\" href=\"https:\/\/kylat.ekarjala.fi\/vilkjarvi\/antti-mikkola-hevosmies\/\" aria-label=\"Read more about Antti Mikkola &#8211; hevosmies\" tabindex=\"-1\" >\n\t\t\tLue lis\u00e4\u00e4\t\t<\/a>\n\n\t\t\t\t<\/div>\n\t\t\t\t<div class=\"elementor-post__meta-data\">\n\t\t\t\t\t<span class=\"elementor-post-date\">\n\t\t\t13\/11\/2024\t\t<\/span>\n\t\t\t\t<\/div>\n\t\t\t\t\t<\/div>\n\t\t<\/article>\n\t\t\t\t<article class=\"elementor-post elementor-grid-item post-2842 post type-post status-publish format-standard hentry category-yleinen\" role=\"listitem\">\n\t\t\t<div class=\"elementor-post__card\">\n\t\t\t\t<div class=\"elementor-post__text\">\n\t\t\t\t<h3 class=\"elementor-post__title\">\n\t\t\t<a href=\"https:\/\/kylat.ekarjala.fi\/vilkjarvi\/mika-on-blogi\/\" >\n\t\t\t\tMik\u00e4 on blogi\t\t\t<\/a>\n\t\t<\/h3>\n\t\t\t\t<div class=\"elementor-post__excerpt\">\n\t\t\t<p>Vilkj\u00e4rven ja l\u00e4hikylien kyl\u00e4yhdistyksen kotisivuille on perustettu blogi, niin kuin t\u00e4t\u00e4 lukevat ovat jo huomanneet. Blogi saattaa olla joillekin hieman vieras sana, mutta hyv\u00e4\u00e4 suomalaista<\/p>\n\t\t<\/div>\n\t\t\n\t\t<a class=\"elementor-post__read-more\" href=\"https:\/\/kylat.ekarjala.fi\/vilkjarvi\/mika-on-blogi\/\" aria-label=\"Read more about Mik\u00e4 on blogi\" tabindex=\"-1\" >\n\t\t\tLue lis\u00e4\u00e4\t\t<\/a>\n\n\t\t\t\t<\/div>\n\t\t\t\t<div class=\"elementor-post__meta-data\">\n\t\t\t\t\t<span class=\"elementor-post-date\">\n\t\t\t04\/11\/2024\t\t<\/span>\n\t\t\t\t<\/div>\n\t\t\t\t\t<\/div>\n\t\t<\/article>\n\t\t\t\t<\/div>\n\t\t\n\t\t\t\t\t\t<\/div>\n\t\t\t\t<\/div>\n\t\t\t\t\t<\/div>\n\t\t<\/div>\n\t\t\t\t\t<\/div>\n\t\t<\/section>\n\t\t\t\t<\/div>\n\t\t","protected":false},"excerpt":{"rendered":"<p>Blogi<\/p>\n","protected":false},"author":175,"featured_media":0,"parent":0,"menu_order":0,"comment_status":"closed","ping_status":"closed","template":"","meta":{"site-sidebar-layout":"no-sidebar","site-content-layout":"page-builder","ast-site-content-layout":"full-width-container","site-content-style":"default","site-sidebar-style":"default","ast-global-header-display":"","ast-banner-title-visibility":"","ast-main-header-display":"","ast-hfb-above-header-display":"","ast-hfb-below-header-display":"","ast-hfb-mobile-header-display":"","site-post-title":"disabled","ast-breadcrumbs-content":"","ast-featured-img":"disabled","footer-sml-layout":"","ast-disable-related-posts":"","theme-transparent-header-meta":"","adv-header-id-meta":"","stick-header-meta":"","header-above-stick-meta":"","header-main-stick-meta":"","header-below-stick-meta":"","astra-migrate-meta-layouts":"set","ast-page-background-enabled":"default","ast-page-background-meta":{"desktop":{"background-color":"","background-image":"","background-repeat":"repeat","background-position":"center center","background-size":"auto","background-attachment":"scroll","background-type":"","background-media":"","overlay-type":"","overlay-color":"","overlay-opacity":"","overlay-gradient":""},"tablet":{"background-color":"","background-image":"","background-repeat":"repeat","background-position":"center center","background-size":"auto","background-attachment":"scroll","background-type":"","background-media":"","overlay-type":"","overlay-color":"","overlay-opacity":"","overlay-gradient":""},"mobile":{"background-color":"","background-image":"","background-repeat":"repeat","background-position":"center center","background-size":"auto","background-attachment":"scroll","background-type":"","background-media":"","overlay-type":"","overlay-color":"","overlay-opacity":"","overlay-gradient":""}},"ast-content-background-meta":{"desktop":{"background-color":"var(--ast-global-color-5)","background-image":"","background-repeat":"repeat","background-position":"center center","background-size":"auto","background-attachment":"scroll","background-type":"","background-media":"","overlay-type":"","overlay-color":"","overlay-opacity":"","overlay-gradient":""},"tablet":{"background-color":"var(--ast-global-color-5)","background-image":"","background-repeat":"repeat","background-position":"center center","background-size":"auto","background-attachment":"scroll","background-type":"","background-media":"","overlay-type":"","overlay-color":"","overlay-opacity":"","overlay-gradient":""},"mobile":{"background-color":"var(--ast-global-color-5)","background-image":"","background-repeat":"repeat","background-position":"center center","background-size":"auto","background-attachment":"scroll","background-type":"","background-media":"","overlay-type":"","overlay-color":"","overlay-opacity":"","overlay-gradient":""}},"footnotes":""},"class_list":["post-2794","page","type-page","status-publish","hentry"],"_links":{"self":[{"href":"https:\/\/kylat.ekarjala.fi\/vilkjarvi\/wp-json\/wp\/v2\/pages\/2794","targetHints":{"allow":["GET"]}}],"collection":[{"href":"https:\/\/kylat.ekarjala.fi\/vilkjarvi\/wp-json\/wp\/v2\/pages"}],"about":[{"href":"https:\/\/kylat.ekarjala.fi\/vilkjarvi\/wp-json\/wp\/v2\/types\/page"}],"author":[{"embeddable":true,"href":"https:\/\/kylat.ekarjala.fi\/vilkjarvi\/wp-json\/wp\/v2\/users\/175"}],"replies":[{"embeddable":true,"href":"https:\/\/kylat.ekarjala.fi\/vilkjarvi\/wp-json\/wp\/v2\/comments?post=2794"}],"version-history":[{"count":7,"href":"https:\/\/kylat.ekarjala.fi\/vilkjarvi\/wp-json\/wp\/v2\/pages\/2794\/revisions"}],"predecessor-version":[{"id":2826,"href":"https:\/\/kylat.ekarjala.fi\/vilkjarvi\/wp-json\/wp\/v2\/pages\/2794\/revisions\/2826"}],"wp:attachment":[{"href":"https:\/\/kylat.ekarjala.fi\/vilkjarvi\/wp-json\/wp\/v2\/media?parent=2794"}],"curies":[{"name":"wp","href":"https:\/\/api.w.org\/{rel}","templated":true}]}}