{"id":761,"date":"2023-03-07T10:19:36","date_gmt":"2023-03-07T08:19:36","guid":{"rendered":"https:\/\/kylat.ekarjala.fi\/vilkjarvi\/?page_id=761"},"modified":"2025-08-12T19:00:55","modified_gmt":"2025-08-12T16:00:55","slug":"aktiviteetit","status":"publish","type":"page","link":"https:\/\/kylat.ekarjala.fi\/vilkjarvi\/aktiviteetit\/","title":{"rendered":"Aktiviteetit"},"content":{"rendered":"\t\t<div data-elementor-type=\"wp-page\" data-elementor-id=\"761\" class=\"elementor elementor-761\" data-elementor-post-type=\"page\">\n\t\t\t\t\t\t<section class=\"elementor-section elementor-top-section elementor-element elementor-element-b771622 elementor-section-boxed elementor-section-height-default elementor-section-height-default\" data-id=\"b771622\" data-element_type=\"section\" data-e-type=\"section\" data-settings=\"{&quot;background_background&quot;:&quot;classic&quot;}\">\n\t\t\t\t\t\t\t<div class=\"elementor-background-overlay\"><\/div>\n\t\t\t\t\t\t\t<div class=\"elementor-container elementor-column-gap-default\">\n\t\t\t\t\t<div class=\"elementor-column elementor-col-100 elementor-top-column elementor-element elementor-element-fad8977\" data-id=\"fad8977\" data-element_type=\"column\" data-e-type=\"column\">\n\t\t\t<div class=\"elementor-widget-wrap elementor-element-populated\">\n\t\t\t\t\t\t<div class=\"elementor-element elementor-element-b3ff33f elementor-widget elementor-widget-heading\" data-id=\"b3ff33f\" data-element_type=\"widget\" data-e-type=\"widget\" data-widget_type=\"heading.default\">\n\t\t\t\t<div class=\"elementor-widget-container\">\n\t\t\t\t\t<h1 class=\"elementor-heading-title elementor-size-default\">Aktiviteetit<\/h1>\t\t\t\t<\/div>\n\t\t\t\t<\/div>\n\t\t\t\t\t<\/div>\n\t\t<\/div>\n\t\t\t\t\t<\/div>\n\t\t<\/section>\n\t\t\t\t<section class=\"elementor-section elementor-top-section elementor-element elementor-element-adbc38a elementor-section-boxed elementor-section-height-default elementor-section-height-default\" data-id=\"adbc38a\" data-element_type=\"section\" data-e-type=\"section\">\n\t\t\t\t\t\t<div class=\"elementor-container elementor-column-gap-default\">\n\t\t\t\t\t<div class=\"elementor-column elementor-col-100 elementor-top-column elementor-element elementor-element-27bac38\" data-id=\"27bac38\" data-element_type=\"column\" data-e-type=\"column\">\n\t\t\t<div class=\"elementor-widget-wrap elementor-element-populated\">\n\t\t\t\t\t\t<div class=\"elementor-element elementor-element-af9c1c9 elementor-widget elementor-widget-text-editor\" data-id=\"af9c1c9\" data-element_type=\"widget\" data-e-type=\"widget\" data-widget_type=\"text-editor.default\">\n\t\t\t\t<div class=\"elementor-widget-container\">\n\t\t\t\t\t\t\t\t\t<p style=\"text-align: left\">Vilkj\u00e4rven kyl\u00e4ll\u00e4 on hyv\u00e4t mahdollisuudet harrastaa liikuntaa, luonnossa retkeily\u00e4, mets\u00e4styst\u00e4 ja kalastusta. Kalastuslupia voit kysy\u00e4 Juha Pohjoselta, puh. 040 5273084.<\/p><p style=\"text-align: left\">Kyl\u00e4ss\u00e4 on valaistu kahden kilometrin pituinen kuntopolku, jossa talvella on hiihtolatu. Urheilukent\u00e4n yhteydess\u00e4 on j\u00e4\u00e4kiekkokaukalo ja laavu sek\u00e4 frisbeegolfrata. My\u00f6s ratsastusharrastukselle l\u00f6ytyy hienot puitteet Kiviojan ponitallilta.<\/p><p style=\"text-align: left\">Kyl\u00e4talolla on ohjattuja liikuntaryhmi\u00e4, kerhotoimintaa ja erilaisia tapahtumia.<\/p><p style=\"text-align: left\">\u00a0Kes\u00e4st\u00e4 voi nauttia kyl\u00e4n uimarannalla. Vilkj\u00e4rven uimaranta sopii hyvin lapsiperheille. Toinen uimaranta Lensulan Mustj\u00e4rvell\u00e4 ei sovi pikkulapsille \u00e4kkisyv\u00e4n rannan takia.<\/p><p>L\u00e4hin kirjasto on Sammonlahden kirjasto, Sammontori 2<\/p><p><a href=\"https:\/\/heilikirjastot.fi\/-\/sammonlahden-kirjasto#\/?location=Sammonlahden%20kirjasto\">Aukioloajat\u00a0<\/a><\/p><p>\u00a0<\/p>\t\t\t\t\t\t\t\t<\/div>\n\t\t\t\t<\/div>\n\t\t\t\t\t<\/div>\n\t\t<\/div>\n\t\t\t\t\t<\/div>\n\t\t<\/section>\n\t\t\t\t<section class=\"elementor-section elementor-top-section elementor-element elementor-element-84494d3 elementor-section-boxed elementor-section-height-default elementor-section-height-default\" data-id=\"84494d3\" data-element_type=\"section\" data-e-type=\"section\">\n\t\t\t\t\t\t<div class=\"elementor-container elementor-column-gap-default\">\n\t\t\t\t\t<div class=\"elementor-column elementor-col-100 elementor-top-column elementor-element elementor-element-0e38964\" data-id=\"0e38964\" data-element_type=\"column\" data-e-type=\"column\">\n\t\t\t<div class=\"elementor-widget-wrap elementor-element-populated\">\n\t\t\t\t\t\t<section class=\"elementor-section elementor-inner-section elementor-element elementor-element-e308cf0 elementor-section-boxed elementor-section-height-default elementor-section-height-default\" data-id=\"e308cf0\" data-element_type=\"section\" data-e-type=\"section\">\n\t\t\t\t\t\t<div class=\"elementor-container elementor-column-gap-default\">\n\t\t\t\t\t<div class=\"elementor-column elementor-col-50 elementor-inner-column elementor-element elementor-element-5417201\" data-id=\"5417201\" data-element_type=\"column\" data-e-type=\"column\">\n\t\t\t<div class=\"elementor-widget-wrap elementor-element-populated\">\n\t\t\t\t\t\t<div class=\"elementor-element elementor-element-3e32e71 elementor-widget elementor-widget-image\" data-id=\"3e32e71\" data-element_type=\"widget\" data-e-type=\"widget\" data-widget_type=\"image.default\">\n\t\t\t\t<div class=\"elementor-widget-container\">\n\t\t\t\t\t\t\t\t\t\t\t\t\t\t\t<img fetchpriority=\"high\" decoding=\"async\" width=\"1024\" height=\"768\" src=\"https:\/\/kylat.ekarjala.fi\/vilkjarvi\/wp-content\/uploads\/sites\/87\/2024\/09\/polku-1024x768.jpg\" class=\"attachment-large size-large wp-image-2780\" alt=\"\" srcset=\"https:\/\/kylat.ekarjala.fi\/vilkjarvi\/wp-content\/uploads\/sites\/87\/2024\/09\/polku-1024x768.jpg 1024w, https:\/\/kylat.ekarjala.fi\/vilkjarvi\/wp-content\/uploads\/sites\/87\/2024\/09\/polku-300x225.jpg 300w, https:\/\/kylat.ekarjala.fi\/vilkjarvi\/wp-content\/uploads\/sites\/87\/2024\/09\/polku-768x576.jpg 768w, https:\/\/kylat.ekarjala.fi\/vilkjarvi\/wp-content\/uploads\/sites\/87\/2024\/09\/polku.jpg 1280w\" sizes=\"(max-width: 1024px) 100vw, 1024px\" \/>\t\t\t\t\t\t\t\t\t\t\t\t\t\t\t<\/div>\n\t\t\t\t<\/div>\n\t\t\t\t<div class=\"elementor-element elementor-element-c0658d5 elementor-widget elementor-widget-image-box\" data-id=\"c0658d5\" data-element_type=\"widget\" data-e-type=\"widget\" data-widget_type=\"image-box.default\">\n\t\t\t\t<div class=\"elementor-widget-container\">\n\t\t\t\t\t<div class=\"elementor-image-box-wrapper\"><div class=\"elementor-image-box-content\"><h5 class=\"elementor-image-box-title\">Retkeily<\/h5><p class=\"elementor-image-box-description\">Vilkj\u00e4rven rannalla on kota, jonne on helppo menn\u00e4 vaikka lasten kanssa ev\u00e4sretkelle. Mets\u00e4retkelle voi l\u00e4hte\u00e4 Kempin laavulle, jonne on opasteet Yl\u00e4maantielt\u00e4. Matkaa maantielt\u00e4 laavulle on noin kolme kilometri\u00e4. <br>Ravatunvuori,  Ravatunkoski  ja Tupavuori ovat my\u00f6s mielenkiintoisia paikkoja.<\/p><\/div><\/div>\t\t\t\t<\/div>\n\t\t\t\t<\/div>\n\t\t\t\t\t<\/div>\n\t\t<\/div>\n\t\t\t\t<div class=\"elementor-column elementor-col-50 elementor-inner-column elementor-element elementor-element-407bdf7\" data-id=\"407bdf7\" data-element_type=\"column\" data-e-type=\"column\">\n\t\t\t<div class=\"elementor-widget-wrap elementor-element-populated\">\n\t\t\t\t\t\t<div class=\"elementor-element elementor-element-241f514 elementor-widget elementor-widget-image\" data-id=\"241f514\" data-element_type=\"widget\" data-e-type=\"widget\" data-widget_type=\"image.default\">\n\t\t\t\t<div class=\"elementor-widget-container\">\n\t\t\t\t\t\t\t\t\t\t\t\t\t\t\t<img decoding=\"async\" width=\"1024\" height=\"594\" src=\"https:\/\/kylat.ekarjala.fi\/vilkjarvi\/wp-content\/uploads\/sites\/87\/2023\/03\/webponit-1024x594.jpg\" class=\"attachment-large size-large wp-image-1226\" alt=\"\" srcset=\"https:\/\/kylat.ekarjala.fi\/vilkjarvi\/wp-content\/uploads\/sites\/87\/2023\/03\/webponit-1024x594.jpg 1024w, https:\/\/kylat.ekarjala.fi\/vilkjarvi\/wp-content\/uploads\/sites\/87\/2023\/03\/webponit-300x174.jpg 300w, https:\/\/kylat.ekarjala.fi\/vilkjarvi\/wp-content\/uploads\/sites\/87\/2023\/03\/webponit-768x446.jpg 768w, https:\/\/kylat.ekarjala.fi\/vilkjarvi\/wp-content\/uploads\/sites\/87\/2023\/03\/webponit.jpg 1280w\" sizes=\"(max-width: 1024px) 100vw, 1024px\" \/>\t\t\t\t\t\t\t\t\t\t\t\t\t\t\t<\/div>\n\t\t\t\t<\/div>\n\t\t\t\t<div class=\"elementor-element elementor-element-3853dcb elementor-widget elementor-widget-image-box\" data-id=\"3853dcb\" data-element_type=\"widget\" data-e-type=\"widget\" data-widget_type=\"image-box.default\">\n\t\t\t\t<div class=\"elementor-widget-container\">\n\t\t\t\t\t<div class=\"elementor-image-box-wrapper\"><div class=\"elementor-image-box-content\"><h5 class=\"elementor-image-box-title\">Ratsastus<\/h5><p class=\"elementor-image-box-description\">Ratsastusta voi harrastaa Kiviojan Ponitallilla, jossa on Suomen Ratsastajainliiton hyv\u00e4ksym\u00e4 ratsastuskoulu. Tallilla on maneesi ja ulkokentti\u00e4.<\/p><\/div><\/div>\t\t\t\t<\/div>\n\t\t\t\t<\/div>\n\t\t\t\t\t<\/div>\n\t\t<\/div>\n\t\t\t\t\t<\/div>\n\t\t<\/section>\n\t\t\t\t\t<\/div>\n\t\t<\/div>\n\t\t\t\t\t<\/div>\n\t\t<\/section>\n\t\t\t\t<section class=\"elementor-section elementor-top-section elementor-element elementor-element-2503f4e elementor-section-boxed elementor-section-height-default elementor-section-height-default\" data-id=\"2503f4e\" data-element_type=\"section\" data-e-type=\"section\">\n\t\t\t\t\t\t<div class=\"elementor-container elementor-column-gap-default\">\n\t\t\t\t\t<div class=\"elementor-column elementor-col-100 elementor-top-column elementor-element elementor-element-08185b9\" data-id=\"08185b9\" data-element_type=\"column\" data-e-type=\"column\">\n\t\t\t<div class=\"elementor-widget-wrap elementor-element-populated\">\n\t\t\t\t\t\t<div class=\"elementor-element elementor-element-3cf0b8d elementor-widget elementor-widget-google_maps\" data-id=\"3cf0b8d\" data-element_type=\"widget\" data-e-type=\"widget\" data-widget_type=\"google_maps.default\">\n\t\t\t\t<div class=\"elementor-widget-container\">\n\t\t\t\t\t\t\t<div class=\"elementor-custom-embed\">\n\t\t\t<iframe loading=\"lazy\"\n\t\t\t\t\tsrc=\"https:\/\/maps.google.com\/maps?q=vilkj%C3%A4rvi&#038;t=m&#038;z=11&#038;output=embed&#038;iwloc=near\"\n\t\t\t\t\ttitle=\"vilkj\u00e4rvi\"\n\t\t\t\t\taria-label=\"vilkj\u00e4rvi\"\n\t\t\t><\/iframe>\n\t\t<\/div>\n\t\t\t\t\t\t<\/div>\n\t\t\t\t<\/div>\n\t\t\t\t<div class=\"elementor-element elementor-element-314f185 elementor-widget elementor-widget-spacer\" data-id=\"314f185\" data-element_type=\"widget\" data-e-type=\"widget\" data-widget_type=\"spacer.default\">\n\t\t\t\t<div class=\"elementor-widget-container\">\n\t\t\t\t\t\t\t<div class=\"elementor-spacer\">\n\t\t\t<div class=\"elementor-spacer-inner\"><\/div>\n\t\t<\/div>\n\t\t\t\t\t\t<\/div>\n\t\t\t\t<\/div>\n\t\t\t\t\t<\/div>\n\t\t<\/div>\n\t\t\t\t\t<\/div>\n\t\t<\/section>\n\t\t\t\t<\/div>\n\t\t","protected":false},"excerpt":{"rendered":"<p>Aktiviteetit Vilkj\u00e4rven kyl\u00e4ll\u00e4 on hyv\u00e4t mahdollisuudet harrastaa liikuntaa, luonnossa retkeily\u00e4, mets\u00e4styst\u00e4 ja kalastusta. Kalastuslupia voit kysy\u00e4 Juha Pohjoselta, puh. 040 5273084. Kyl\u00e4ss\u00e4 on valaistu kahden kilometrin pituinen kuntopolku, jossa talvella on hiihtolatu. Urheilukent\u00e4n yhteydess\u00e4 on j\u00e4\u00e4kiekkokaukalo ja laavu sek\u00e4 frisbeegolfrata. My\u00f6s ratsastusharrastukselle l\u00f6ytyy hienot puitteet Kiviojan ponitallilta. Kyl\u00e4talolla on ohjattuja liikuntaryhmi\u00e4, kerhotoimintaa ja erilaisia tapahtumia. [&hellip;]<\/p>\n","protected":false},"author":175,"featured_media":0,"parent":0,"menu_order":0,"comment_status":"closed","ping_status":"closed","template":"","meta":{"site-sidebar-layout":"no-sidebar","site-content-layout":"page-builder","ast-site-content-layout":"default","site-content-style":"default","site-sidebar-style":"default","ast-global-header-display":"","ast-banner-title-visibility":"","ast-main-header-display":"","ast-hfb-above-header-display":"","ast-hfb-below-header-display":"","ast-hfb-mobile-header-display":"","site-post-title":"","ast-breadcrumbs-content":"","ast-featured-img":"disabled","footer-sml-layout":"","ast-disable-related-posts":"","theme-transparent-header-meta":"","adv-header-id-meta":"","stick-header-meta":"","header-above-stick-meta":"","header-main-stick-meta":"","header-below-stick-meta":"","astra-migrate-meta-layouts":"default","ast-page-background-enabled":"default","ast-page-background-meta":{"desktop":{"background-color":"","background-image":"","background-repeat":"repeat","background-position":"center center","background-size":"auto","background-attachment":"scroll","background-type":"","background-media":"","overlay-type":"","overlay-color":"","overlay-opacity":"","overlay-gradient":""},"tablet":{"background-color":"","background-image":"","background-repeat":"repeat","background-position":"center center","background-size":"auto","background-attachment":"scroll","background-type":"","background-media":"","overlay-type":"","overlay-color":"","overlay-opacity":"","overlay-gradient":""},"mobile":{"background-color":"","background-image":"","background-repeat":"repeat","background-position":"center center","background-size":"auto","background-attachment":"scroll","background-type":"","background-media":"","overlay-type":"","overlay-color":"","overlay-opacity":"","overlay-gradient":""}},"ast-content-background-meta":{"desktop":{"background-color":"var(--ast-global-color-5)","background-image":"","background-repeat":"repeat","background-position":"center center","background-size":"auto","background-attachment":"scroll","background-type":"","background-media":"","overlay-type":"","overlay-color":"","overlay-opacity":"","overlay-gradient":""},"tablet":{"background-color":"var(--ast-global-color-5)","background-image":"","background-repeat":"repeat","background-position":"center center","background-size":"auto","background-attachment":"scroll","background-type":"","background-media":"","overlay-type":"","overlay-color":"","overlay-opacity":"","overlay-gradient":""},"mobile":{"background-color":"var(--ast-global-color-5)","background-image":"","background-repeat":"repeat","background-position":"center center","background-size":"auto","background-attachment":"scroll","background-type":"","background-media":"","overlay-type":"","overlay-color":"","overlay-opacity":"","overlay-gradient":""}},"footnotes":""},"class_list":["post-761","page","type-page","status-publish","hentry"],"_links":{"self":[{"href":"https:\/\/kylat.ekarjala.fi\/vilkjarvi\/wp-json\/wp\/v2\/pages\/761","targetHints":{"allow":["GET"]}}],"collection":[{"href":"https:\/\/kylat.ekarjala.fi\/vilkjarvi\/wp-json\/wp\/v2\/pages"}],"about":[{"href":"https:\/\/kylat.ekarjala.fi\/vilkjarvi\/wp-json\/wp\/v2\/types\/page"}],"author":[{"embeddable":true,"href":"https:\/\/kylat.ekarjala.fi\/vilkjarvi\/wp-json\/wp\/v2\/users\/175"}],"replies":[{"embeddable":true,"href":"https:\/\/kylat.ekarjala.fi\/vilkjarvi\/wp-json\/wp\/v2\/comments?post=761"}],"version-history":[{"count":20,"href":"https:\/\/kylat.ekarjala.fi\/vilkjarvi\/wp-json\/wp\/v2\/pages\/761\/revisions"}],"predecessor-version":[{"id":3004,"href":"https:\/\/kylat.ekarjala.fi\/vilkjarvi\/wp-json\/wp\/v2\/pages\/761\/revisions\/3004"}],"wp:attachment":[{"href":"https:\/\/kylat.ekarjala.fi\/vilkjarvi\/wp-json\/wp\/v2\/media?parent=761"}],"curies":[{"name":"wp","href":"https:\/\/api.w.org\/{rel}","templated":true}]}}