{"id":890,"date":"2023-03-13T10:26:54","date_gmt":"2023-03-13T08:26:54","guid":{"rendered":"https:\/\/kylat.ekarjala.fi\/vilkjarvi\/?page_id=890"},"modified":"2024-11-06T10:02:01","modified_gmt":"2024-11-06T08:02:01","slug":"laavu","status":"publish","type":"page","link":"https:\/\/kylat.ekarjala.fi\/vilkjarvi\/laavu\/","title":{"rendered":"Laavut"},"content":{"rendered":"\t\t<div data-elementor-type=\"wp-page\" data-elementor-id=\"890\" class=\"elementor elementor-890\" data-elementor-post-type=\"page\">\n\t\t\t\t\t\t<section class=\"elementor-section elementor-top-section elementor-element elementor-element-c741b63 elementor-section-boxed elementor-section-height-default elementor-section-height-default\" data-id=\"c741b63\" data-element_type=\"section\" data-e-type=\"section\" data-settings=\"{&quot;background_background&quot;:&quot;classic&quot;}\">\n\t\t\t\t\t\t\t<div class=\"elementor-background-overlay\"><\/div>\n\t\t\t\t\t\t\t<div class=\"elementor-container elementor-column-gap-default\">\n\t\t\t\t\t<div class=\"elementor-column elementor-col-100 elementor-top-column elementor-element elementor-element-d017818\" data-id=\"d017818\" data-element_type=\"column\" data-e-type=\"column\">\n\t\t\t<div class=\"elementor-widget-wrap elementor-element-populated\">\n\t\t\t\t\t\t<div class=\"elementor-element elementor-element-c64a37a elementor-widget elementor-widget-heading\" data-id=\"c64a37a\" data-element_type=\"widget\" data-e-type=\"widget\" data-widget_type=\"heading.default\">\n\t\t\t\t<div class=\"elementor-widget-container\">\n\t\t\t\t\t<h1 class=\"elementor-heading-title elementor-size-default\">Laavut<\/h1>\t\t\t\t<\/div>\n\t\t\t\t<\/div>\n\t\t\t\t\t<\/div>\n\t\t<\/div>\n\t\t\t\t\t<\/div>\n\t\t<\/section>\n\t\t\t\t<section class=\"elementor-section elementor-top-section elementor-element elementor-element-3f136f6 elementor-section-boxed elementor-section-height-default elementor-section-height-default\" data-id=\"3f136f6\" data-element_type=\"section\" data-e-type=\"section\">\n\t\t\t\t\t\t<div class=\"elementor-container elementor-column-gap-default\">\n\t\t\t\t\t<div class=\"elementor-column elementor-col-50 elementor-top-column elementor-element elementor-element-6083882\" data-id=\"6083882\" data-element_type=\"column\" data-e-type=\"column\">\n\t\t\t<div class=\"elementor-widget-wrap elementor-element-populated\">\n\t\t\t\t\t\t<div class=\"elementor-element elementor-element-b4719dd elementor-widget elementor-widget-heading\" data-id=\"b4719dd\" data-element_type=\"widget\" data-e-type=\"widget\" data-widget_type=\"heading.default\">\n\t\t\t\t<div class=\"elementor-widget-container\">\n\t\t\t\t\t<h2 class=\"elementor-heading-title elementor-size-default\">kempin laavu<\/h2>\t\t\t\t<\/div>\n\t\t\t\t<\/div>\n\t\t\t\t<div class=\"elementor-element elementor-element-184562e elementor-widget elementor-widget-text-editor\" data-id=\"184562e\" data-element_type=\"widget\" data-e-type=\"widget\" data-widget_type=\"text-editor.default\">\n\t\t\t\t<div class=\"elementor-widget-container\">\n\t\t\t\t\t\t\t\t\t<p style=\"text-align: left;\">Laavu sijaitsee Lappeenrannan kaupungin maalla mets\u00e4n keskell\u00e4. L\u00e4helle laavua p\u00e4\u00e4see mets\u00e4teit\u00e4 pitkin, mutta viimeinen noin puolen kilometrin osuus laavulle on jalkaisin kuljettavaa polkua.<\/p>\t\t\t\t\t\t\t\t<\/div>\n\t\t\t\t<\/div>\n\t\t\t\t<div class=\"elementor-element elementor-element-56c94b2 elementor-widget elementor-widget-text-editor\" data-id=\"56c94b2\" data-element_type=\"widget\" data-e-type=\"widget\" data-widget_type=\"text-editor.default\">\n\t\t\t\t<div class=\"elementor-widget-container\">\n\t\t\t\t\t\t\t\t\t<p style=\"text-align: left;\">Laavun l\u00e4hell\u00e4 on ollut aikanaan Eljas Kalson rakentama torppa, sauna ja navetta. Eljas kuokki omin k\u00e4sin vuosien mittaan torpan ymp\u00e4rille noin viisi hehtaaria peltoa. Vanhaksi tultuaan h\u00e4n myi tilan Anders Niemiselle, joka puolestaan myi sen Veikko Kempille. Veikko yritti aikansa pit\u00e4\u00e4 tilaa, mutta kyll\u00e4stytty\u00e4\u00e4n huonoihin kulkuyhteyksiin\u00a0 purki rakennukset 1950 -luvun alussa ja myi maat Lappeen kunnalle. T\u00e4st\u00e4 tilan viimeisest\u00e4 omistajasta laavu on saanut nimens\u00e4. Rakennusten kivijalat ovat viel\u00e4 j\u00e4ljell\u00e4, pellot kasvavat mets\u00e4\u00e4.<\/p><p style=\"text-align: left;\">(L\u00e4hde: Viljo Lensu)<\/p>\t\t\t\t\t\t\t\t<\/div>\n\t\t\t\t<\/div>\n\t\t\t\t\t<\/div>\n\t\t<\/div>\n\t\t\t\t<div class=\"elementor-column elementor-col-50 elementor-top-column elementor-element elementor-element-06a0829\" data-id=\"06a0829\" data-element_type=\"column\" data-e-type=\"column\">\n\t\t\t<div class=\"elementor-widget-wrap elementor-element-populated\">\n\t\t\t\t\t\t<div class=\"elementor-element elementor-element-911cce4 elementor-widget elementor-widget-heading\" data-id=\"911cce4\" data-element_type=\"widget\" data-e-type=\"widget\" data-widget_type=\"heading.default\">\n\t\t\t\t<div class=\"elementor-widget-container\">\n\t\t\t\t\t<h2 class=\"elementor-heading-title elementor-size-default\">urheilukent\u00e4n laavu<\/h2>\t\t\t\t<\/div>\n\t\t\t\t<\/div>\n\t\t\t\t<div class=\"elementor-element elementor-element-b4a40ac elementor-widget elementor-widget-text-editor\" data-id=\"b4a40ac\" data-element_type=\"widget\" data-e-type=\"widget\" data-widget_type=\"text-editor.default\">\n\t\t\t\t<div class=\"elementor-widget-container\">\n\t\t\t\t\t\t\t\t\t<p>Vilkj\u00e4rven urheilukent\u00e4n laidalta Lensulantien varrelta l\u00f6ytyy Henry Jukan rakentama kyl\u00e4yhdistyksen laavu.<\/p>\t\t\t\t\t\t\t\t<\/div>\n\t\t\t\t<\/div>\n\t\t\t\t\t<\/div>\n\t\t<\/div>\n\t\t\t\t\t<\/div>\n\t\t<\/section>\n\t\t\t\t<\/div>\n\t\t","protected":false},"excerpt":{"rendered":"<p>Laavut kempin laavu Laavu sijaitsee Lappeenrannan kaupungin maalla mets\u00e4n keskell\u00e4. L\u00e4helle laavua p\u00e4\u00e4see mets\u00e4teit\u00e4 pitkin, mutta viimeinen noin puolen kilometrin osuus laavulle on jalkaisin kuljettavaa polkua. Laavun l\u00e4hell\u00e4 on ollut aikanaan Eljas Kalson rakentama torppa, sauna ja navetta. Eljas kuokki omin k\u00e4sin vuosien mittaan torpan ymp\u00e4rille noin viisi hehtaaria peltoa. Vanhaksi tultuaan h\u00e4n myi tilan [&hellip;]<\/p>\n","protected":false},"author":175,"featured_media":0,"parent":0,"menu_order":0,"comment_status":"closed","ping_status":"closed","template":"","meta":{"site-sidebar-layout":"no-sidebar","site-content-layout":"page-builder","ast-site-content-layout":"default","site-content-style":"default","site-sidebar-style":"default","ast-global-header-display":"","ast-banner-title-visibility":"","ast-main-header-display":"","ast-hfb-above-header-display":"","ast-hfb-below-header-display":"","ast-hfb-mobile-header-display":"","site-post-title":"disabled","ast-breadcrumbs-content":"","ast-featured-img":"disabled","footer-sml-layout":"","ast-disable-related-posts":"","theme-transparent-header-meta":"","adv-header-id-meta":"","stick-header-meta":"","header-above-stick-meta":"","header-main-stick-meta":"","header-below-stick-meta":"","astra-migrate-meta-layouts":"default","ast-page-background-enabled":"default","ast-page-background-meta":{"desktop":{"background-color":"","background-image":"","background-repeat":"repeat","background-position":"center center","background-size":"auto","background-attachment":"scroll","background-type":"","background-media":"","overlay-type":"","overlay-color":"","overlay-opacity":"","overlay-gradient":""},"tablet":{"background-color":"","background-image":"","background-repeat":"repeat","background-position":"center center","background-size":"auto","background-attachment":"scroll","background-type":"","background-media":"","overlay-type":"","overlay-color":"","overlay-opacity":"","overlay-gradient":""},"mobile":{"background-color":"","background-image":"","background-repeat":"repeat","background-position":"center center","background-size":"auto","background-attachment":"scroll","background-type":"","background-media":"","overlay-type":"","overlay-color":"","overlay-opacity":"","overlay-gradient":""}},"ast-content-background-meta":{"desktop":{"background-color":"var(--ast-global-color-5)","background-image":"","background-repeat":"repeat","background-position":"center center","background-size":"auto","background-attachment":"scroll","background-type":"","background-media":"","overlay-type":"","overlay-color":"","overlay-opacity":"","overlay-gradient":""},"tablet":{"background-color":"var(--ast-global-color-5)","background-image":"","background-repeat":"repeat","background-position":"center center","background-size":"auto","background-attachment":"scroll","background-type":"","background-media":"","overlay-type":"","overlay-color":"","overlay-opacity":"","overlay-gradient":""},"mobile":{"background-color":"var(--ast-global-color-5)","background-image":"","background-repeat":"repeat","background-position":"center center","background-size":"auto","background-attachment":"scroll","background-type":"","background-media":"","overlay-type":"","overlay-color":"","overlay-opacity":"","overlay-gradient":""}},"footnotes":""},"class_list":["post-890","page","type-page","status-publish","hentry"],"_links":{"self":[{"href":"https:\/\/kylat.ekarjala.fi\/vilkjarvi\/wp-json\/wp\/v2\/pages\/890","targetHints":{"allow":["GET"]}}],"collection":[{"href":"https:\/\/kylat.ekarjala.fi\/vilkjarvi\/wp-json\/wp\/v2\/pages"}],"about":[{"href":"https:\/\/kylat.ekarjala.fi\/vilkjarvi\/wp-json\/wp\/v2\/types\/page"}],"author":[{"embeddable":true,"href":"https:\/\/kylat.ekarjala.fi\/vilkjarvi\/wp-json\/wp\/v2\/users\/175"}],"replies":[{"embeddable":true,"href":"https:\/\/kylat.ekarjala.fi\/vilkjarvi\/wp-json\/wp\/v2\/comments?post=890"}],"version-history":[{"count":20,"href":"https:\/\/kylat.ekarjala.fi\/vilkjarvi\/wp-json\/wp\/v2\/pages\/890\/revisions"}],"predecessor-version":[{"id":2871,"href":"https:\/\/kylat.ekarjala.fi\/vilkjarvi\/wp-json\/wp\/v2\/pages\/890\/revisions\/2871"}],"wp:attachment":[{"href":"https:\/\/kylat.ekarjala.fi\/vilkjarvi\/wp-json\/wp\/v2\/media?parent=890"}],"curies":[{"name":"wp","href":"https:\/\/api.w.org\/{rel}","templated":true}]}}