{"id":904,"date":"2023-03-13T10:33:16","date_gmt":"2023-03-13T08:33:16","guid":{"rendered":"https:\/\/kylat.ekarjala.fi\/vilkjarvi\/?page_id=904"},"modified":"2023-05-10T11:59:39","modified_gmt":"2023-05-10T08:59:39","slug":"ravattu","status":"publish","type":"page","link":"https:\/\/kylat.ekarjala.fi\/vilkjarvi\/ravattu\/","title":{"rendered":"Ravattu"},"content":{"rendered":"\t\t<div data-elementor-type=\"wp-page\" data-elementor-id=\"904\" class=\"elementor elementor-904\" data-elementor-post-type=\"page\">\n\t\t\t\t\t\t<section class=\"elementor-section elementor-top-section elementor-element elementor-element-125a468 elementor-section-boxed elementor-section-height-default elementor-section-height-default\" data-id=\"125a468\" data-element_type=\"section\" data-e-type=\"section\" data-settings=\"{&quot;background_background&quot;:&quot;classic&quot;}\">\n\t\t\t\t\t\t\t<div class=\"elementor-background-overlay\"><\/div>\n\t\t\t\t\t\t\t<div class=\"elementor-container elementor-column-gap-default\">\n\t\t\t\t\t<div class=\"elementor-column elementor-col-100 elementor-top-column elementor-element elementor-element-29142ae\" data-id=\"29142ae\" data-element_type=\"column\" data-e-type=\"column\">\n\t\t\t<div class=\"elementor-widget-wrap elementor-element-populated\">\n\t\t\t\t\t\t<div class=\"elementor-element elementor-element-fb397d8 elementor-widget elementor-widget-heading\" data-id=\"fb397d8\" data-element_type=\"widget\" data-e-type=\"widget\" data-widget_type=\"heading.default\">\n\t\t\t\t<div class=\"elementor-widget-container\">\n\t\t\t\t\t<h1 class=\"elementor-heading-title elementor-size-default\">Ravattu ja tupavuori<\/h1>\t\t\t\t<\/div>\n\t\t\t\t<\/div>\n\t\t\t\t\t<\/div>\n\t\t<\/div>\n\t\t\t\t\t<\/div>\n\t\t<\/section>\n\t\t\t\t<section class=\"elementor-section elementor-top-section elementor-element elementor-element-1ea7937 elementor-section-boxed elementor-section-height-default elementor-section-height-default\" data-id=\"1ea7937\" data-element_type=\"section\" data-e-type=\"section\">\n\t\t\t\t\t\t<div class=\"elementor-container elementor-column-gap-default\">\n\t\t\t\t\t<div class=\"elementor-column elementor-col-50 elementor-top-column elementor-element elementor-element-3e38bcf\" data-id=\"3e38bcf\" data-element_type=\"column\" data-e-type=\"column\">\n\t\t\t<div class=\"elementor-widget-wrap elementor-element-populated\">\n\t\t\t\t\t\t<div class=\"elementor-element elementor-element-9bf9297 elementor-widget elementor-widget-heading\" data-id=\"9bf9297\" data-element_type=\"widget\" data-e-type=\"widget\" data-widget_type=\"heading.default\">\n\t\t\t\t<div class=\"elementor-widget-container\">\n\t\t\t\t\t<h2 class=\"elementor-heading-title elementor-size-default\">ravatun alue<\/h2>\t\t\t\t<\/div>\n\t\t\t\t<\/div>\n\t\t\t\t<div class=\"elementor-element elementor-element-8ef5d0d elementor-widget elementor-widget-text-editor\" data-id=\"8ef5d0d\" data-element_type=\"widget\" data-e-type=\"widget\" data-widget_type=\"text-editor.default\">\n\t\t\t\t<div class=\"elementor-widget-container\">\n\t\t\t\t\t\t\t\t\t<p style=\"text-align: left;\">Vilkj\u00e4rven kyl\u00e4n etel\u00e4laidalla on Ravattu -niminen alue.\u00a0 Alueen halki virtaa Ravatunjoki, jonka l\u00e4hell\u00e4 on my\u00f6s Ravatunvuori.<\/p>\t\t\t\t\t\t\t\t<\/div>\n\t\t\t\t<\/div>\n\t\t\t\t<div class=\"elementor-element elementor-element-d59f671 elementor-widget elementor-widget-text-editor\" data-id=\"d59f671\" data-element_type=\"widget\" data-e-type=\"widget\" data-widget_type=\"text-editor.default\">\n\t\t\t\t<div class=\"elementor-widget-container\">\n\t\t\t\t\t\t\t\t\t<p>Ravatunkoskelle ja Ravatunvuorelle p\u00e4\u00e4see autolla helpoimmin Ravatuntien kautta, auton voi pys\u00e4k\u00f6id\u00e4 tien laitaan. Py\u00f6r\u00e4ll\u00e4 ja k\u00e4velem\u00e4ll\u00e4 Ravatun alueelle p\u00e4\u00e4see muitakin reittej\u00e4.<\/p>\t\t\t\t\t\t\t\t<\/div>\n\t\t\t\t<\/div>\n\t\t\t\t\t<\/div>\n\t\t<\/div>\n\t\t\t\t<div class=\"elementor-column elementor-col-50 elementor-top-column elementor-element elementor-element-d32b7d5\" data-id=\"d32b7d5\" data-element_type=\"column\" data-e-type=\"column\">\n\t\t\t<div class=\"elementor-widget-wrap elementor-element-populated\">\n\t\t\t\t\t\t<div class=\"elementor-element elementor-element-323bc6d elementor-widget elementor-widget-image\" data-id=\"323bc6d\" data-element_type=\"widget\" data-e-type=\"widget\" data-widget_type=\"image.default\">\n\t\t\t\t<div class=\"elementor-widget-container\">\n\t\t\t\t\t\t\t\t\t\t\t\t\t\t\t<img fetchpriority=\"high\" decoding=\"async\" width=\"1350\" height=\"1350\" src=\"https:\/\/kylat.ekarjala.fi\/vilkjarvi\/wp-content\/uploads\/sites\/87\/2023\/03\/webvuori3.jpg\" class=\"attachment-full size-full wp-image-1411\" alt=\"\" srcset=\"https:\/\/kylat.ekarjala.fi\/vilkjarvi\/wp-content\/uploads\/sites\/87\/2023\/03\/webvuori3.jpg 1350w, https:\/\/kylat.ekarjala.fi\/vilkjarvi\/wp-content\/uploads\/sites\/87\/2023\/03\/webvuori3-300x300.jpg 300w, https:\/\/kylat.ekarjala.fi\/vilkjarvi\/wp-content\/uploads\/sites\/87\/2023\/03\/webvuori3-1024x1024.jpg 1024w, https:\/\/kylat.ekarjala.fi\/vilkjarvi\/wp-content\/uploads\/sites\/87\/2023\/03\/webvuori3-150x150.jpg 150w, https:\/\/kylat.ekarjala.fi\/vilkjarvi\/wp-content\/uploads\/sites\/87\/2023\/03\/webvuori3-768x768.jpg 768w\" sizes=\"(max-width: 1350px) 100vw, 1350px\" \/>\t\t\t\t\t\t\t\t\t\t\t\t\t\t\t<\/div>\n\t\t\t\t<\/div>\n\t\t\t\t\t<\/div>\n\t\t<\/div>\n\t\t\t\t\t<\/div>\n\t\t<\/section>\n\t\t\t\t<section class=\"elementor-section elementor-top-section elementor-element elementor-element-61122b3 elementor-section-boxed elementor-section-height-default elementor-section-height-default\" data-id=\"61122b3\" data-element_type=\"section\" data-e-type=\"section\">\n\t\t\t\t\t\t<div class=\"elementor-container elementor-column-gap-default\">\n\t\t\t\t\t<div class=\"elementor-column elementor-col-50 elementor-top-column elementor-element elementor-element-558725f\" data-id=\"558725f\" data-element_type=\"column\" data-e-type=\"column\">\n\t\t\t<div class=\"elementor-widget-wrap elementor-element-populated\">\n\t\t\t\t\t\t<div class=\"elementor-element elementor-element-7bb05e9 elementor-widget elementor-widget-heading\" data-id=\"7bb05e9\" data-element_type=\"widget\" data-e-type=\"widget\" data-widget_type=\"heading.default\">\n\t\t\t\t<div class=\"elementor-widget-container\">\n\t\t\t\t\t<h4 class=\"elementor-heading-title elementor-size-default\">Ravatunkoski<\/h4>\t\t\t\t<\/div>\n\t\t\t\t<\/div>\n\t\t\t\t<div class=\"elementor-element elementor-element-edb3764 elementor-widget elementor-widget-text-editor\" data-id=\"edb3764\" data-element_type=\"widget\" data-e-type=\"widget\" data-widget_type=\"text-editor.default\">\n\t\t\t\t<div class=\"elementor-widget-container\">\n\t\t\t\t\t\t\t\t\t<p style=\"text-align: left;\">Niskalammesta Niittulampeen virtaavan Ravatunjoen yl\u00e4juoksulla on kaksi koskea. Ylemm\u00e4ss\u00e4 koskessa on ollut saha ja vesivoimalaitos. Rakennuksen kivijalka on j\u00e4ljell\u00e4 ja maastosta l\u00f6ytyy muitakin merkkej\u00e4 saha- ja voimalaitostoiminnasta.<\/p><p style=\"text-align: left;\">Alemmassa koskessa puolestaan on toiminut 1800 -luvulla mylly. Sen kivijalka on my\u00f6s j\u00e4ljell\u00e4 ja maastosta l\u00f6ytyy kaksi myllynkive\u00e4.<\/p>\t\t\t\t\t\t\t\t<\/div>\n\t\t\t\t<\/div>\n\t\t\t\t<div class=\"elementor-element elementor-element-31c0e8d elementor-widget elementor-widget-text-editor\" data-id=\"31c0e8d\" data-element_type=\"widget\" data-e-type=\"widget\" data-widget_type=\"text-editor.default\">\n\t\t\t\t<div class=\"elementor-widget-container\">\n\t\t\t\t\t\t\t\t\t<p style=\"text-align: left;\">Ravatunkosken alue on paikoitellen vaikeakulkuista ja ryteikk\u00f6ist\u00e4.<\/p>\t\t\t\t\t\t\t\t<\/div>\n\t\t\t\t<\/div>\n\t\t\t\t\t<\/div>\n\t\t<\/div>\n\t\t\t\t<div class=\"elementor-column elementor-col-50 elementor-top-column elementor-element elementor-element-84b038b\" data-id=\"84b038b\" data-element_type=\"column\" data-e-type=\"column\">\n\t\t\t<div class=\"elementor-widget-wrap elementor-element-populated\">\n\t\t\t\t\t\t<div class=\"elementor-element elementor-element-ea0c0cb elementor-widget elementor-widget-heading\" data-id=\"ea0c0cb\" data-element_type=\"widget\" data-e-type=\"widget\" data-widget_type=\"heading.default\">\n\t\t\t\t<div class=\"elementor-widget-container\">\n\t\t\t\t\t<h4 class=\"elementor-heading-title elementor-size-default\">Ravatunvuori<\/h4>\t\t\t\t<\/div>\n\t\t\t\t<\/div>\n\t\t\t\t<div class=\"elementor-element elementor-element-736ce9b elementor-widget elementor-widget-text-editor\" data-id=\"736ce9b\" data-element_type=\"widget\" data-e-type=\"widget\" data-widget_type=\"text-editor.default\">\n\t\t\t\t<div class=\"elementor-widget-container\">\n\t\t\t\t\t\t\t\t\t<p style=\"text-align: left;\">Ravatunvuorelle p\u00e4\u00e4see k\u00e4rrypolkua pitkin Ravatunkoskelta. Matkaa vuorelle on noin puoli kilometri\u00e4. Ravatunjoen voi ylitt\u00e4\u00e4 joen yl\u00e4juoksulla olevaa vanhaa siltaa pitkin. Polku kulkee joen ja kalliosein\u00e4m\u00e4n v\u00e4liss\u00e4 alajuoksun suuntaan, k\u00e4\u00e4ntyy pois p\u00e4in joesta ja liittyy peltotiehen, jonka varrelta vuori l\u00f6ytyy.<\/p>\t\t\t\t\t\t\t\t<\/div>\n\t\t\t\t<\/div>\n\t\t\t\t\t<\/div>\n\t\t<\/div>\n\t\t\t\t\t<\/div>\n\t\t<\/section>\n\t\t\t\t<section class=\"elementor-section elementor-top-section elementor-element elementor-element-5f79f7b elementor-section-boxed elementor-section-height-default elementor-section-height-default\" data-id=\"5f79f7b\" data-element_type=\"section\" data-e-type=\"section\">\n\t\t\t\t\t\t<div class=\"elementor-container elementor-column-gap-default\">\n\t\t\t\t\t<div class=\"elementor-column elementor-col-50 elementor-top-column elementor-element elementor-element-ec076a6\" data-id=\"ec076a6\" data-element_type=\"column\" data-e-type=\"column\">\n\t\t\t<div class=\"elementor-widget-wrap elementor-element-populated\">\n\t\t\t\t\t\t<div class=\"elementor-element elementor-element-fe1dc56 elementor-widget elementor-widget-heading\" data-id=\"fe1dc56\" data-element_type=\"widget\" data-e-type=\"widget\" data-widget_type=\"heading.default\">\n\t\t\t\t<div class=\"elementor-widget-container\">\n\t\t\t\t\t<h2 class=\"elementor-heading-title elementor-size-default\">tupavuori ja kurenvuori<\/h2>\t\t\t\t<\/div>\n\t\t\t\t<\/div>\n\t\t\t\t<div class=\"elementor-element elementor-element-1d2dfa8 elementor-widget elementor-widget-text-editor\" data-id=\"1d2dfa8\" data-element_type=\"widget\" data-e-type=\"widget\" data-widget_type=\"text-editor.default\">\n\t\t\t\t<div class=\"elementor-widget-container\">\n\t\t\t\t\t\t\t\t\t<p>N\u00e4m\u00e4 vuoret sijaitsevat Pohjosen kyl\u00e4ss\u00e4. Oikeastaan Tupavuori ja Kurenvuori ovat samaa vuorta. Tupavuori on Pohjosen kyl\u00e4n puoleinen jyrk\u00e4nne ja Kurenvuori on Huuhansuon reunassa oleva jyrk\u00e4nne.<\/p>\t\t\t\t\t\t\t\t<\/div>\n\t\t\t\t<\/div>\n\t\t\t\t\t<\/div>\n\t\t<\/div>\n\t\t\t\t<div class=\"elementor-column elementor-col-50 elementor-top-column elementor-element elementor-element-cb681ff\" data-id=\"cb681ff\" data-element_type=\"column\" data-e-type=\"column\">\n\t\t\t<div class=\"elementor-widget-wrap elementor-element-populated\">\n\t\t\t\t\t\t<div class=\"elementor-element elementor-element-b0d8676 elementor-widget elementor-widget-image\" data-id=\"b0d8676\" data-element_type=\"widget\" data-e-type=\"widget\" data-widget_type=\"image.default\">\n\t\t\t\t<div class=\"elementor-widget-container\">\n\t\t\t\t\t\t\t\t\t\t\t\t<figure class=\"wp-caption\">\n\t\t\t\t\t\t\t\t\t\t<img decoding=\"async\" width=\"1024\" height=\"768\" src=\"https:\/\/kylat.ekarjala.fi\/vilkjarvi\/wp-content\/uploads\/sites\/87\/2023\/05\/kirstuweb-1024x768.jpg\" class=\"attachment-large size-large wp-image-2016\" alt=\"\" srcset=\"https:\/\/kylat.ekarjala.fi\/vilkjarvi\/wp-content\/uploads\/sites\/87\/2023\/05\/kirstuweb-1024x768.jpg 1024w, https:\/\/kylat.ekarjala.fi\/vilkjarvi\/wp-content\/uploads\/sites\/87\/2023\/05\/kirstuweb-300x225.jpg 300w, https:\/\/kylat.ekarjala.fi\/vilkjarvi\/wp-content\/uploads\/sites\/87\/2023\/05\/kirstuweb-768x576.jpg 768w, https:\/\/kylat.ekarjala.fi\/vilkjarvi\/wp-content\/uploads\/sites\/87\/2023\/05\/kirstuweb.jpg 1280w\" sizes=\"(max-width: 1024px) 100vw, 1024px\" \/>\t\t\t\t\t\t\t\t\t\t\t<figcaption class=\"widget-image-caption wp-caption-text\">Kurenvuoren Pirunkirstu<\/figcaption>\n\t\t\t\t\t\t\t\t\t\t<\/figure>\n\t\t\t\t\t\t\t\t\t<\/div>\n\t\t\t\t<\/div>\n\t\t\t\t\t<\/div>\n\t\t<\/div>\n\t\t\t\t\t<\/div>\n\t\t<\/section>\n\t\t\t\t<\/div>\n\t\t","protected":false},"excerpt":{"rendered":"<p>Ravattu ja tupavuori ravatun alue Vilkj\u00e4rven kyl\u00e4n etel\u00e4laidalla on Ravattu -niminen alue.\u00a0 Alueen halki virtaa Ravatunjoki, jonka l\u00e4hell\u00e4 on my\u00f6s Ravatunvuori. Ravatunkoskelle ja Ravatunvuorelle p\u00e4\u00e4see autolla helpoimmin Ravatuntien kautta, auton voi pys\u00e4k\u00f6id\u00e4 tien laitaan. Py\u00f6r\u00e4ll\u00e4 ja k\u00e4velem\u00e4ll\u00e4 Ravatun alueelle p\u00e4\u00e4see muitakin reittej\u00e4. Ravatunkoski Niskalammesta Niittulampeen virtaavan Ravatunjoen yl\u00e4juoksulla on kaksi koskea. Ylemm\u00e4ss\u00e4 koskessa on ollut [&hellip;]<\/p>\n","protected":false},"author":175,"featured_media":0,"parent":0,"menu_order":0,"comment_status":"closed","ping_status":"closed","template":"","meta":{"site-sidebar-layout":"no-sidebar","site-content-layout":"page-builder","ast-site-content-layout":"default","site-content-style":"default","site-sidebar-style":"default","ast-global-header-display":"","ast-banner-title-visibility":"","ast-main-header-display":"","ast-hfb-above-header-display":"","ast-hfb-below-header-display":"","ast-hfb-mobile-header-display":"","site-post-title":"disabled","ast-breadcrumbs-content":"","ast-featured-img":"disabled","footer-sml-layout":"","ast-disable-related-posts":"","theme-transparent-header-meta":"","adv-header-id-meta":"","stick-header-meta":"","header-above-stick-meta":"","header-main-stick-meta":"","header-below-stick-meta":"","astra-migrate-meta-layouts":"default","ast-page-background-enabled":"default","ast-page-background-meta":{"desktop":{"background-color":"","background-image":"","background-repeat":"repeat","background-position":"center center","background-size":"auto","background-attachment":"scroll","background-type":"","background-media":"","overlay-type":"","overlay-color":"","overlay-opacity":"","overlay-gradient":""},"tablet":{"background-color":"","background-image":"","background-repeat":"repeat","background-position":"center center","background-size":"auto","background-attachment":"scroll","background-type":"","background-media":"","overlay-type":"","overlay-color":"","overlay-opacity":"","overlay-gradient":""},"mobile":{"background-color":"","background-image":"","background-repeat":"repeat","background-position":"center center","background-size":"auto","background-attachment":"scroll","background-type":"","background-media":"","overlay-type":"","overlay-color":"","overlay-opacity":"","overlay-gradient":""}},"ast-content-background-meta":{"desktop":{"background-color":"var(--ast-global-color-5)","background-image":"","background-repeat":"repeat","background-position":"center center","background-size":"auto","background-attachment":"scroll","background-type":"","background-media":"","overlay-type":"","overlay-color":"","overlay-opacity":"","overlay-gradient":""},"tablet":{"background-color":"var(--ast-global-color-5)","background-image":"","background-repeat":"repeat","background-position":"center center","background-size":"auto","background-attachment":"scroll","background-type":"","background-media":"","overlay-type":"","overlay-color":"","overlay-opacity":"","overlay-gradient":""},"mobile":{"background-color":"var(--ast-global-color-5)","background-image":"","background-repeat":"repeat","background-position":"center center","background-size":"auto","background-attachment":"scroll","background-type":"","background-media":"","overlay-type":"","overlay-color":"","overlay-opacity":"","overlay-gradient":""}},"footnotes":""},"class_list":["post-904","page","type-page","status-publish","hentry"],"_links":{"self":[{"href":"https:\/\/kylat.ekarjala.fi\/vilkjarvi\/wp-json\/wp\/v2\/pages\/904","targetHints":{"allow":["GET"]}}],"collection":[{"href":"https:\/\/kylat.ekarjala.fi\/vilkjarvi\/wp-json\/wp\/v2\/pages"}],"about":[{"href":"https:\/\/kylat.ekarjala.fi\/vilkjarvi\/wp-json\/wp\/v2\/types\/page"}],"author":[{"embeddable":true,"href":"https:\/\/kylat.ekarjala.fi\/vilkjarvi\/wp-json\/wp\/v2\/users\/175"}],"replies":[{"embeddable":true,"href":"https:\/\/kylat.ekarjala.fi\/vilkjarvi\/wp-json\/wp\/v2\/comments?post=904"}],"version-history":[{"count":20,"href":"https:\/\/kylat.ekarjala.fi\/vilkjarvi\/wp-json\/wp\/v2\/pages\/904\/revisions"}],"predecessor-version":[{"id":2149,"href":"https:\/\/kylat.ekarjala.fi\/vilkjarvi\/wp-json\/wp\/v2\/pages\/904\/revisions\/2149"}],"wp:attachment":[{"href":"https:\/\/kylat.ekarjala.fi\/vilkjarvi\/wp-json\/wp\/v2\/media?parent=904"}],"curies":[{"name":"wp","href":"https:\/\/api.w.org\/{rel}","templated":true}]}}